{"id":215,"date":"2024-04-14T18:35:02","date_gmt":"2024-04-14T16:35:02","guid":{"rendered":"http:\/\/tqiosxl.cluster023.hosting.ovh.net\/?page_id=215"},"modified":"2024-05-13T11:56:09","modified_gmt":"2024-05-13T09:56:09","slug":"nos-prestations","status":"publish","type":"page","link":"https:\/\/naturequilibre.com\/index.php\/nos-prestations\/","title":{"rendered":"Nos prestations"},"content":{"rendered":"\n<figure class=\"wp-block-table alignwide is-style-stripes has-system-font-font-family\"><table><thead><tr><th class=\"has-text-align-left\" data-align=\"left\">Prestations<\/th><th class=\"has-text-align-center\" data-align=\"center\">Tarif en EURO<\/th><th class=\"has-text-align-left\" data-align=\"left\">D\u00e9tail de la prestation<\/th><\/tr><\/thead><tbody><tr><td class=\"has-text-align-left\" data-align=\"left\">Naturopathie<\/td><td class=\"has-text-align-center\" data-align=\"center\">70.00<\/td><td class=\"has-text-align-left\" data-align=\"left\">Dur\u00e9e de 1h30 \u00e0 2 heures. 50\u20ac la s\u00e9ance de suivi<\/td><\/tr><tr><td class=\"has-text-align-left\" data-align=\"left\">Iridologie<\/td><td class=\"has-text-align-center\" data-align=\"center\">50.00<\/td><td class=\"has-text-align-left\" data-align=\"left\">Dur\u00e9e de la s\u00e9ance 1 heure<\/td><\/tr><tr><td class=\"has-text-align-left\" data-align=\"left\">Ost\u00e9oth\u00e9rapie<\/td><td class=\"has-text-align-center\" data-align=\"center\">50.00<\/td><td class=\"has-text-align-left\" data-align=\"left\">Dur\u00e9e de la s\u00e9ance 1 heure<\/td><\/tr><tr><td class=\"has-text-align-left\" data-align=\"left\">Irrigation du colon<\/td><td class=\"has-text-align-center\" data-align=\"center\">110.00<\/td><td class=\"has-text-align-left\" data-align=\"left\">Dur\u00e9e 1h30 (Inclus un bilan physiologique)<\/td><\/tr><tr><td class=\"has-text-align-left\" data-align=\"left\">Pack Perte de poids<\/td><td class=\"has-text-align-center\" data-align=\"center\">960.00<\/td><td class=\"has-text-align-left\" data-align=\"left\">Soit 8 consult. nutritionnelle \u00e0 40\u20ac et 8 s\u00e9ances d&rsquo;irrigation \u00e0 80\u20ac <a href=\"https:\/\/naturequilibre.com\/index.php\/perte-de-poids-irrigation-du-colon\/\">voir d\u00e9tails sur fiche explicative<\/a><\/td><\/tr><tr><td class=\"has-text-align-left\" data-align=\"left\">Pack Irrigation du colon<\/td><td class=\"has-text-align-center\" data-align=\"center\">825.00<\/td><td class=\"has-text-align-left\" data-align=\"left\">Soit 10 s\u00e9ances \u00e0 82.50\u20ac au lieu de 110.00\u20ac <a href=\"https:\/\/naturequilibre.com\/index.php\/perte-de-poids-irrigation-du-colon\/\">voir d\u00e9tails sur fiche explicative<\/a><\/td><\/tr><tr><td class=\"has-text-align-left\" data-align=\"left\"><\/td><td class=\"has-text-align-center\" data-align=\"center\"><\/td><td class=\"has-text-align-left\" data-align=\"left\"><\/td><\/tr><\/tbody><\/table><\/figure>\n","protected":false},"excerpt":{"rendered":"<p>Prestations Tarif en EURO D\u00e9tail de la prestation Naturopathie 70.00 Dur\u00e9e de 1h30 \u00e0 2 heures. 50\u20ac la s\u00e9ance de suivi Iridologie 50.00 Dur\u00e9e de la s\u00e9ance 1 heure Ost\u00e9oth\u00e9rapie 50.00 Dur\u00e9e de la s\u00e9ance 1 heure Irrigation du colon 110.00 Dur\u00e9e 1h30 (Inclus un bilan physiologique) Pack Perte de poids 960.00 Soit 8 consult. [&hellip;]<\/p>\n","protected":false},"author":1,"featured_media":0,"parent":0,"menu_order":0,"comment_status":"closed","ping_status":"closed","template":"","meta":{"footnotes":""},"class_list":["post-215","page","type-page","status-publish","hentry"],"yoast_head":"<!-- This site is optimized with the Yoast SEO plugin v22.6 - https:\/\/yoast.com\/wordpress\/plugins\/seo\/ -->\n<title>Nos prestations - NATUREQUILIBRE<\/title>\n<meta name=\"description\" content=\"D\u00e9tail de nos prestations en cabinet l\u2019ensemble Nos prestations des soins propos\u00e9s.\" \/>\n<meta name=\"robots\" content=\"index, follow, max-snippet:-1, max-image-preview:large, max-video-preview:-1\" \/>\n<link rel=\"canonical\" href=\"https:\/\/naturequilibre.com\/index.php\/nos-prestations\/\" \/>\n<meta property=\"og:locale\" content=\"fr_FR\" \/>\n<meta property=\"og:type\" content=\"article\" \/>\n<meta property=\"og:title\" content=\"Nos prestations - NATUREQUILIBRE\" \/>\n<meta property=\"og:description\" content=\"D\u00e9tail de nos prestations en cabinet l\u2019ensemble Nos prestations des soins propos\u00e9s.\" \/>\n<meta property=\"og:url\" content=\"https:\/\/naturequilibre.com\/index.php\/nos-prestations\/\" \/>\n<meta property=\"og:site_name\" content=\"NATUREQUILIBRE\" \/>\n<meta property=\"article:modified_time\" content=\"2024-05-13T09:56:09+00:00\" \/>\n<meta name=\"twitter:card\" content=\"summary_large_image\" \/>\n<script type=\"application\/ld+json\" class=\"yoast-schema-graph\">{\"@context\":\"https:\/\/schema.org\",\"@graph\":[{\"@type\":\"WebPage\",\"@id\":\"https:\/\/naturequilibre.com\/index.php\/nos-prestations\/\",\"url\":\"https:\/\/naturequilibre.com\/index.php\/nos-prestations\/\",\"name\":\"Nos prestations - NATUREQUILIBRE\",\"isPartOf\":{\"@id\":\"https:\/\/naturequilibre.com\/#website\"},\"datePublished\":\"2024-04-14T16:35:02+00:00\",\"dateModified\":\"2024-05-13T09:56:09+00:00\",\"description\":\"D\u00e9tail de nos prestations en cabinet l\u2019ensemble Nos prestations des soins propos\u00e9s.\",\"breadcrumb\":{\"@id\":\"https:\/\/naturequilibre.com\/index.php\/nos-prestations\/#breadcrumb\"},\"inLanguage\":\"fr-FR\",\"potentialAction\":[{\"@type\":\"ReadAction\",\"target\":[\"https:\/\/naturequilibre.com\/index.php\/nos-prestations\/\"]}]},{\"@type\":\"BreadcrumbList\",\"@id\":\"https:\/\/naturequilibre.com\/index.php\/nos-prestations\/#breadcrumb\",\"itemListElement\":[{\"@type\":\"ListItem\",\"position\":1,\"name\":\"Accueil\",\"item\":\"https:\/\/naturequilibre.com\/\"},{\"@type\":\"ListItem\",\"position\":2,\"name\":\"Nos prestations\"}]},{\"@type\":\"WebSite\",\"@id\":\"https:\/\/naturequilibre.com\/#website\",\"url\":\"https:\/\/naturequilibre.com\/\",\"name\":\"NATUREQUILIBRE\",\"description\":\"UNE APPROCHE GLOBALE UN BIEN \u00caTRE DURABLE\",\"publisher\":{\"@id\":\"https:\/\/naturequilibre.com\/#organization\"},\"potentialAction\":[{\"@type\":\"SearchAction\",\"target\":{\"@type\":\"EntryPoint\",\"urlTemplate\":\"https:\/\/naturequilibre.com\/?s={search_term_string}\"},\"query-input\":\"required name=search_term_string\"}],\"inLanguage\":\"fr-FR\"},{\"@type\":\"Organization\",\"@id\":\"https:\/\/naturequilibre.com\/#organization\",\"name\":\"NATUREQUILIBRE\",\"url\":\"https:\/\/naturequilibre.com\/\",\"logo\":{\"@type\":\"ImageObject\",\"inLanguage\":\"fr-FR\",\"@id\":\"https:\/\/naturequilibre.com\/#\/schema\/logo\/image\/\",\"url\":\"http:\/\/tqiosxl.cluster023.hosting.ovh.net\/wp-content\/uploads\/2024\/04\/cropped-Arbre3.jpg\",\"contentUrl\":\"http:\/\/tqiosxl.cluster023.hosting.ovh.net\/wp-content\/uploads\/2024\/04\/cropped-Arbre3.jpg\",\"width\":512,\"height\":512,\"caption\":\"NATUREQUILIBRE\"},\"image\":{\"@id\":\"https:\/\/naturequilibre.com\/#\/schema\/logo\/image\/\"}}]}<\/script>\n<!-- \/ Yoast SEO plugin. -->","yoast_head_json":{"title":"Nos prestations - NATUREQUILIBRE","description":"D\u00e9tail de nos prestations en cabinet l\u2019ensemble Nos prestations des soins propos\u00e9s.","robots":{"index":"index","follow":"follow","max-snippet":"max-snippet:-1","max-image-preview":"max-image-preview:large","max-video-preview":"max-video-preview:-1"},"canonical":"https:\/\/naturequilibre.com\/index.php\/nos-prestations\/","og_locale":"fr_FR","og_type":"article","og_title":"Nos prestations - NATUREQUILIBRE","og_description":"D\u00e9tail de nos prestations en cabinet l\u2019ensemble Nos prestations des soins propos\u00e9s.","og_url":"https:\/\/naturequilibre.com\/index.php\/nos-prestations\/","og_site_name":"NATUREQUILIBRE","article_modified_time":"2024-05-13T09:56:09+00:00","twitter_card":"summary_large_image","schema":{"@context":"https:\/\/schema.org","@graph":[{"@type":"WebPage","@id":"https:\/\/naturequilibre.com\/index.php\/nos-prestations\/","url":"https:\/\/naturequilibre.com\/index.php\/nos-prestations\/","name":"Nos prestations - NATUREQUILIBRE","isPartOf":{"@id":"https:\/\/naturequilibre.com\/#website"},"datePublished":"2024-04-14T16:35:02+00:00","dateModified":"2024-05-13T09:56:09+00:00","description":"D\u00e9tail de nos prestations en cabinet l\u2019ensemble Nos prestations des soins propos\u00e9s.","breadcrumb":{"@id":"https:\/\/naturequilibre.com\/index.php\/nos-prestations\/#breadcrumb"},"inLanguage":"fr-FR","potentialAction":[{"@type":"ReadAction","target":["https:\/\/naturequilibre.com\/index.php\/nos-prestations\/"]}]},{"@type":"BreadcrumbList","@id":"https:\/\/naturequilibre.com\/index.php\/nos-prestations\/#breadcrumb","itemListElement":[{"@type":"ListItem","position":1,"name":"Accueil","item":"https:\/\/naturequilibre.com\/"},{"@type":"ListItem","position":2,"name":"Nos prestations"}]},{"@type":"WebSite","@id":"https:\/\/naturequilibre.com\/#website","url":"https:\/\/naturequilibre.com\/","name":"NATUREQUILIBRE","description":"UNE APPROCHE GLOBALE UN BIEN \u00caTRE DURABLE","publisher":{"@id":"https:\/\/naturequilibre.com\/#organization"},"potentialAction":[{"@type":"SearchAction","target":{"@type":"EntryPoint","urlTemplate":"https:\/\/naturequilibre.com\/?s={search_term_string}"},"query-input":"required name=search_term_string"}],"inLanguage":"fr-FR"},{"@type":"Organization","@id":"https:\/\/naturequilibre.com\/#organization","name":"NATUREQUILIBRE","url":"https:\/\/naturequilibre.com\/","logo":{"@type":"ImageObject","inLanguage":"fr-FR","@id":"https:\/\/naturequilibre.com\/#\/schema\/logo\/image\/","url":"http:\/\/tqiosxl.cluster023.hosting.ovh.net\/wp-content\/uploads\/2024\/04\/cropped-Arbre3.jpg","contentUrl":"http:\/\/tqiosxl.cluster023.hosting.ovh.net\/wp-content\/uploads\/2024\/04\/cropped-Arbre3.jpg","width":512,"height":512,"caption":"NATUREQUILIBRE"},"image":{"@id":"https:\/\/naturequilibre.com\/#\/schema\/logo\/image\/"}}]}},"_links":{"self":[{"href":"https:\/\/naturequilibre.com\/index.php\/wp-json\/wp\/v2\/pages\/215","targetHints":{"allow":["GET"]}}],"collection":[{"href":"https:\/\/naturequilibre.com\/index.php\/wp-json\/wp\/v2\/pages"}],"about":[{"href":"https:\/\/naturequilibre.com\/index.php\/wp-json\/wp\/v2\/types\/page"}],"author":[{"embeddable":true,"href":"https:\/\/naturequilibre.com\/index.php\/wp-json\/wp\/v2\/users\/1"}],"replies":[{"embeddable":true,"href":"https:\/\/naturequilibre.com\/index.php\/wp-json\/wp\/v2\/comments?post=215"}],"version-history":[{"count":12,"href":"https:\/\/naturequilibre.com\/index.php\/wp-json\/wp\/v2\/pages\/215\/revisions"}],"predecessor-version":[{"id":376,"href":"https:\/\/naturequilibre.com\/index.php\/wp-json\/wp\/v2\/pages\/215\/revisions\/376"}],"wp:attachment":[{"href":"https:\/\/naturequilibre.com\/index.php\/wp-json\/wp\/v2\/media?parent=215"}],"curies":[{"name":"wp","href":"https:\/\/api.w.org\/{rel}","templated":true}]}}