{"id":276,"date":"2024-04-21T17:58:42","date_gmt":"2024-04-21T15:58:42","guid":{"rendered":"http:\/\/tqiosxl.cluster023.hosting.ovh.net\/?page_id=276"},"modified":"2024-05-13T11:52:20","modified_gmt":"2024-05-13T09:52:20","slug":"offre-pack-irrigation-du-colon","status":"publish","type":"page","link":"https:\/\/naturequilibre.com\/index.php\/offre-pack-irrigation-du-colon\/","title":{"rendered":"Nos Offre Packs"},"content":{"rendered":"\n<div class=\"wp-block-columns alignwide is-layout-flex wp-container-core-columns-is-layout-28f84493 wp-block-columns-is-layout-flex\">\n<div class=\"wp-block-column has-background is-layout-flow wp-block-column-is-layout-flow\" style=\"background-color:#f6f2d0\">\n<h3 class=\"wp-block-heading has-text-align-center has-text-regular-color has-text-color has-link-color has-system-font-font-family wp-elements-96405fd6d375e40f779d39b323f36b3d\" style=\"padding-top:var(--wp--preset--spacing--30);padding-bottom:var(--wp--preset--spacing--30)\"><strong>OFFRE PACK IRRIGATION DU COLON<\/strong><\/h3>\n\n\n\n<figure class=\"wp-block-image size-full is-resized\"><img loading=\"lazy\" decoding=\"async\" width=\"700\" height=\"400\" src=\"http:\/\/tqiosxl.cluster023.hosting.ovh.net\/wp-content\/uploads\/2024\/04\/hydrotehrapie-colon.jpg\" alt=\"\" class=\"wp-image-148\" style=\"width:573px;height:auto\" srcset=\"https:\/\/naturequilibre.com\/wp-content\/uploads\/2024\/04\/hydrotehrapie-colon.jpg 700w, https:\/\/naturequilibre.com\/wp-content\/uploads\/2024\/04\/hydrotehrapie-colon-300x171.jpg 300w\" sizes=\"auto, (max-width: 700px) 100vw, 700px\" \/><\/figure>\n\n\n\n<p style=\"padding-right:var(--wp--preset--spacing--40);padding-left:var(--wp--preset--spacing--40);font-size:0.95rem\">Durant 6 mois de suivi personnalis\u00e9 en consultation individuelle, je vous propose un programme complet sous forme de pack tout inclus int\u00e9grant :<\/p>\n\n\n\n<p class=\"has-text-align-center\" style=\"padding-right:var(--wp--preset--spacing--40);padding-left:var(--wp--preset--spacing--40);font-size:0.99rem\"><strong>8 s\u00e9ances d\u2019irrigation du colon<\/strong><\/p>\n\n\n\n<ol class=\"wp-block-list\">\n<li style=\"padding-right:var(--wp--preset--spacing--30);padding-left:var(--wp--preset--spacing--30);font-size:0.95rem\">Premi\u00e8re s\u00e9ance (J1), lors de la consultation initiale pour laquelle l\u2019ensemble des information et explications seront donn\u00e9s sur le d\u00e9roulement du soin, les effets attendus et le calendrier des s\u00e9ances suivantes programm\u00e9.<\/li>\n\n\n\n<li style=\"padding-right:var(--wp--preset--spacing--30);padding-left:var(--wp--preset--spacing--30);font-size:0.95rem\">6 s\u00e9ances suivantes respectivement espac\u00e9es de la premi\u00e8re s\u00e9ance de 1 semaine (J7), 3 semaines (J30), 2 mois (J60), 3 mois (J90), 4 mois (J120), 5 mois (J150).<\/li>\n\n\n\n<li style=\"padding-right:var(--wp--preset--spacing--30);padding-left:var(--wp--preset--spacing--30);font-size:0.95rem\">1 s\u00e9ance de fin de programme \u00e0 6 mois du premier rendez-vous (J180), pour envisager au long cours et au besoin, la programmation de nouvelle s\u00e9ance \u00e0 \u00e9chelle annuelle et\/ou, d\u2019autres m\u00e9thodes compl\u00e9mentaires pouvant pr\u00e9senter un int\u00e9r\u00eat pour la personne.<\/li>\n<\/ol>\n\n\n\n<p style=\"padding-right:var(--wp--preset--spacing--40);padding-left:var(--wp--preset--spacing--40);font-size:0.95rem\">Le co\u00fbt d\u2019une s\u00e9ance d\u2019irrigation du colon hors programme \u00ab Perte de poids \u00bb est de 110\u20ac (Pr\u00e9paration au je\u00fbne, sortie de je\u00fbne, s\u00e9ance d\u2019entretien annuel, s\u00e9ance participant \u00e0 la lutte contre la constipation, hygi\u00e8ne intestinal, etc\u2026). Soit les 10 s\u00e9ances \u00e0 la carte : 1 100\u20ac<\/p>\n\n\n\n<h2 class=\"wp-block-heading has-text-align-center has-light-color has-text-regular-background-color has-text-color has-background has-link-color has-system-font-font-family has-medium-font-size wp-elements-bfd924b78dfa237aee27235f8fadc9e3\"><strong>Je vous propose une offre pack pour l\u2019irrigation du colon au prix de 825\u20ac<\/strong><\/h2>\n<\/div>\n\n\n\n<div class=\"wp-block-column has-background is-layout-flow wp-block-column-is-layout-flow\" style=\"background-color:#f6f2d0;font-size:10px\">\n<h3 class=\"wp-block-heading has-text-align-center has-text-regular-color has-text-color has-link-color has-system-font-font-family wp-elements-a63d834109a1b25db26a56d5f595128b\" style=\"padding-top:var(--wp--preset--spacing--30);padding-bottom:var(--wp--preset--spacing--30)\"><strong>OFFRE PACK PERTE DE POIDS<\/strong><\/h3>\n\n\n\n<figure class=\"wp-block-image size-full is-resized\"><img loading=\"lazy\" decoding=\"async\" width=\"1254\" height=\"837\" src=\"http:\/\/tqiosxl.cluster023.hosting.ovh.net\/wp-content\/uploads\/2024\/04\/balance3.jpg\" alt=\"\" class=\"wp-image-24\" style=\"width:574px;height:auto\" srcset=\"https:\/\/naturequilibre.com\/wp-content\/uploads\/2024\/04\/balance3.jpg 1254w, https:\/\/naturequilibre.com\/wp-content\/uploads\/2024\/04\/balance3-300x200.jpg 300w, https:\/\/naturequilibre.com\/wp-content\/uploads\/2024\/04\/balance3-1024x683.jpg 1024w, https:\/\/naturequilibre.com\/wp-content\/uploads\/2024\/04\/balance3-768x513.jpg 768w, https:\/\/naturequilibre.com\/wp-content\/uploads\/2024\/04\/balance3-1170x781.jpg 1170w\" sizes=\"auto, (max-width: 1254px) 100vw, 1254px\" \/><figcaption class=\"wp-element-caption\">Diet and Healthy life loss weight Concept. Green apple and Weight scale measure tap with fresh vegetable and sport equipment for women diet slimming.<\/figcaption><\/figure>\n\n\n\n<p style=\"padding-right:var(--wp--preset--spacing--40);padding-left:var(--wp--preset--spacing--40);font-size:0.95rem\">Durant 6 mois de suivi personnalis\u00e9 en consultation individuelle, je vous propose un programme complet sous forme de pack tout inclus int\u00e9grant :<\/p>\n\n\n\n<p class=\"has-text-align-center has-text-regular-color has-text-color\" style=\"padding-right:var(--wp--preset--spacing--40);padding-left:var(--wp--preset--spacing--40);font-size:0.99rem\"><strong>8 S\u00e9ances de suivi nutritionnel<\/strong><\/p>\n\n\n\n<ol class=\"wp-block-list\">\n<li style=\"padding-right:var(--wp--preset--spacing--40);padding-left:var(--wp--preset--spacing--40);font-size:0.95rem\">Premi\u00e8re s\u00e9ance d\u2019une dur\u00e9e de 2 heures destin\u00e9e \u00e0 faire un point pr\u00e9cis de votre situation et de votre objectif (Pes\u00e9e sur balance \u00e0 imp\u00e9dancem\u00e9trie, mensurations et calculs des diff\u00e9rents indices, recueil de donn\u00e9es personnels et ant\u00e9c\u00e9dents, rapport \u00e0 l\u2019alimentation, semainier nutritionnel\u2026) Ce sera la premi\u00e8re s\u00e9ance concomitante d\u2019irrigation du colon \u00e9galement pour laquelle la dur\u00e9e d\u2019irrigation est en g\u00e9n\u00e9ral de 45 minutes.<\/li>\n\n\n\n<li style=\"padding-right:var(--wp--preset--spacing--40);padding-left:var(--wp--preset--spacing--40);font-size:0.95rem\">6 s\u00e9ances interm\u00e9diaires d\u2019une dur\u00e9e de 20 \u00e0 30 minutes permettant de mesurer les progr\u00e8s accomplis et d\u2019adapter la suite du programme en fonction des r\u00e9sultats obtenus.<\/li>\n\n\n\n<li style=\"padding-right:var(--wp--preset--spacing--40);padding-left:var(--wp--preset--spacing--40);font-size:0.95rem\">Une derni\u00e8re s\u00e9ance d\u2019aboutissement, visant \u00e0 faire un point global sur les succ\u00e8s obtenus : Pes\u00e9e, prise de mensuration, \u00e9changes sur les difficult\u00e9s rencontr\u00e9s et succ\u00e8s obtenus, etc\u2026 Ce sera aussi le moment de faire le point la nouvelle hygi\u00e8ne de vie adopt\u00e9e. Nous verrons \u00e0 ce moment par quelles actions \u00e0 moyens et long terme il sera possible de conserver de fa\u00e7on durable les progr\u00e8s accomplis.<\/li>\n<\/ol>\n\n\n\n<p class=\"has-text-align-center\" style=\"padding-right:var(--wp--preset--spacing--40);padding-left:var(--wp--preset--spacing--40);font-size:0.95rem\"><strong>8 s\u00e9ances d\u2019irrigation du colon<\/strong><\/p>\n\n\n\n<ol class=\"wp-block-list\">\n<li style=\"padding-right:var(--wp--preset--spacing--30);padding-left:var(--wp--preset--spacing--30);font-size:0.95rem\">Premi\u00e8re s\u00e9ance (J1), lors de la consultation initiale pour laquelle l\u2019ensemble des information et explications seront donn\u00e9s sur le d\u00e9roulement du soin, les effets attendus et le calendrier des s\u00e9ances suivantes programm\u00e9.<\/li>\n\n\n\n<li style=\"padding-right:var(--wp--preset--spacing--30);padding-left:var(--wp--preset--spacing--30);font-size:0.95rem\">6 s\u00e9ances suivantes respectivement espac\u00e9es de la premi\u00e8re s\u00e9ance de 1 semaine (J7), 3 semaines (J30), 2 mois (J60), 3 mois (J90), 4 mois (J120), 5 mois (J150).<\/li>\n\n\n\n<li style=\"padding-right:var(--wp--preset--spacing--30);padding-left:var(--wp--preset--spacing--30);font-size:0.95rem\">1 s\u00e9ance de fin de programme \u00e0 6 mois du premier rendez-vous (J180), pour envisager au long cours et au besoin, la programmation de nouvelle s\u00e9ance \u00e0 \u00e9chelle annuelle et\/ou, d\u2019autres m\u00e9thodes compl\u00e9mentaires pouvant pr\u00e9senter un int\u00e9r\u00eat pour la personne.<\/li>\n<\/ol>\n\n\n\n<p class=\"has-dark-color has-text-color has-link-color wp-elements-0636f2cc37f6a1e3fe4e24883cb63b21\" style=\"padding-right:var(--wp--preset--spacing--40);padding-left:var(--wp--preset--spacing--40);font-size:0.95rem\"><strong>Le co\u00fbt du programme \u00ab\u00a0Perte de poids\u00a0\u00bb est de 1 280\u20ac soit <\/strong>:<\/p>\n\n\n\n<ul class=\"has-small-font-size wp-block-list\">\n<li>8 s\u00e9ances d\u2019irrigation du colon \u00e0 110\u20ac. Soit les 8 s\u00e9ances \u00e0 la carte : 880\u20ac<\/li>\n\n\n\n<li>8 s\u00e9ances de consultation et de suivi nutritionnel \u00e0 50\u20ac. Soit les 8 seances a la carte : 400\u20ac<\/li>\n<\/ul>\n\n\n\n<h2 class=\"wp-block-heading has-text-align-center has-light-color has-text-regular-background-color has-text-color has-background has-link-color has-system-font-font-family has-medium-font-size wp-elements-023cdff42c84a7650b48728ddb92f84e\"><strong>Je vous propose une offre pack pour la perte de poids au prix de 960\u20ac tout inclus<\/strong><\/h2>\n<\/div>\n<\/div>\n\n\n\n<div class=\"wp-block-columns is-layout-flex wp-container-core-columns-is-layout-28f84493 wp-block-columns-is-layout-flex\">\n<div class=\"wp-block-column is-layout-flow wp-block-column-is-layout-flow\"><\/div>\n<\/div>\n","protected":false},"excerpt":{"rendered":"<p>OFFRE PACK IRRIGATION DU COLON Durant 6 mois de suivi personnalis\u00e9 en consultation individuelle, je vous propose un programme complet sous forme de pack tout inclus int\u00e9grant : 8 s\u00e9ances d\u2019irrigation du colon Le co\u00fbt d\u2019une s\u00e9ance d\u2019irrigation du colon hors programme \u00ab Perte de poids \u00bb est de 110\u20ac (Pr\u00e9paration au je\u00fbne, sortie de [&hellip;]<\/p>\n","protected":false},"author":1,"featured_media":0,"parent":0,"menu_order":0,"comment_status":"closed","ping_status":"closed","template":"","meta":{"footnotes":""},"class_list":["post-276","page","type-page","status-publish","hentry"],"yoast_head":"<!-- This site is optimized with the Yoast SEO plugin v22.6 - https:\/\/yoast.com\/wordpress\/plugins\/seo\/ -->\n<title>Nos Offre Packs - NATUREQUILIBRE<\/title>\n<meta name=\"robots\" content=\"index, follow, max-snippet:-1, max-image-preview:large, max-video-preview:-1\" \/>\n<link rel=\"canonical\" href=\"https:\/\/naturequilibre.com\/index.php\/offre-pack-irrigation-du-colon\/\" \/>\n<meta property=\"og:locale\" content=\"fr_FR\" \/>\n<meta property=\"og:type\" content=\"article\" \/>\n<meta property=\"og:title\" content=\"Nos Offre Packs - NATUREQUILIBRE\" \/>\n<meta property=\"og:description\" content=\"OFFRE PACK IRRIGATION DU COLON Durant 6 mois de suivi personnalis\u00e9 en consultation individuelle, je vous propose un programme complet sous forme de pack tout inclus int\u00e9grant : 8 s\u00e9ances d\u2019irrigation du colon Le co\u00fbt d\u2019une s\u00e9ance d\u2019irrigation du colon hors programme \u00ab Perte de poids \u00bb est de 110\u20ac (Pr\u00e9paration au je\u00fbne, sortie de [&hellip;]\" \/>\n<meta property=\"og:url\" content=\"https:\/\/naturequilibre.com\/index.php\/offre-pack-irrigation-du-colon\/\" \/>\n<meta property=\"og:site_name\" content=\"NATUREQUILIBRE\" \/>\n<meta property=\"article:modified_time\" content=\"2024-05-13T09:52:20+00:00\" \/>\n<meta property=\"og:image\" content=\"http:\/\/tqiosxl.cluster023.hosting.ovh.net\/wp-content\/uploads\/2024\/04\/hydrotehrapie-colon.jpg\" \/>\n<meta name=\"twitter:card\" content=\"summary_large_image\" \/>\n<meta name=\"twitter:label1\" content=\"Dur\u00e9e de lecture estim\u00e9e\" \/>\n\t<meta name=\"twitter:data1\" content=\"4 minutes\" \/>\n<script type=\"application\/ld+json\" class=\"yoast-schema-graph\">{\"@context\":\"https:\/\/schema.org\",\"@graph\":[{\"@type\":\"WebPage\",\"@id\":\"https:\/\/naturequilibre.com\/index.php\/offre-pack-irrigation-du-colon\/\",\"url\":\"https:\/\/naturequilibre.com\/index.php\/offre-pack-irrigation-du-colon\/\",\"name\":\"Nos Offre Packs - NATUREQUILIBRE\",\"isPartOf\":{\"@id\":\"https:\/\/naturequilibre.com\/#website\"},\"primaryImageOfPage\":{\"@id\":\"https:\/\/naturequilibre.com\/index.php\/offre-pack-irrigation-du-colon\/#primaryimage\"},\"image\":{\"@id\":\"https:\/\/naturequilibre.com\/index.php\/offre-pack-irrigation-du-colon\/#primaryimage\"},\"thumbnailUrl\":\"http:\/\/tqiosxl.cluster023.hosting.ovh.net\/wp-content\/uploads\/2024\/04\/hydrotehrapie-colon.jpg\",\"datePublished\":\"2024-04-21T15:58:42+00:00\",\"dateModified\":\"2024-05-13T09:52:20+00:00\",\"breadcrumb\":{\"@id\":\"https:\/\/naturequilibre.com\/index.php\/offre-pack-irrigation-du-colon\/#breadcrumb\"},\"inLanguage\":\"fr-FR\",\"potentialAction\":[{\"@type\":\"ReadAction\",\"target\":[\"https:\/\/naturequilibre.com\/index.php\/offre-pack-irrigation-du-colon\/\"]}]},{\"@type\":\"ImageObject\",\"inLanguage\":\"fr-FR\",\"@id\":\"https:\/\/naturequilibre.com\/index.php\/offre-pack-irrigation-du-colon\/#primaryimage\",\"url\":\"http:\/\/tqiosxl.cluster023.hosting.ovh.net\/wp-content\/uploads\/2024\/04\/hydrotehrapie-colon.jpg\",\"contentUrl\":\"http:\/\/tqiosxl.cluster023.hosting.ovh.net\/wp-content\/uploads\/2024\/04\/hydrotehrapie-colon.jpg\"},{\"@type\":\"BreadcrumbList\",\"@id\":\"https:\/\/naturequilibre.com\/index.php\/offre-pack-irrigation-du-colon\/#breadcrumb\",\"itemListElement\":[{\"@type\":\"ListItem\",\"position\":1,\"name\":\"Accueil\",\"item\":\"https:\/\/naturequilibre.com\/\"},{\"@type\":\"ListItem\",\"position\":2,\"name\":\"Nos Offre Packs\"}]},{\"@type\":\"WebSite\",\"@id\":\"https:\/\/naturequilibre.com\/#website\",\"url\":\"https:\/\/naturequilibre.com\/\",\"name\":\"NATUREQUILIBRE\",\"description\":\"UNE APPROCHE GLOBALE UN BIEN \u00caTRE DURABLE\",\"publisher\":{\"@id\":\"https:\/\/naturequilibre.com\/#organization\"},\"potentialAction\":[{\"@type\":\"SearchAction\",\"target\":{\"@type\":\"EntryPoint\",\"urlTemplate\":\"https:\/\/naturequilibre.com\/?s={search_term_string}\"},\"query-input\":\"required name=search_term_string\"}],\"inLanguage\":\"fr-FR\"},{\"@type\":\"Organization\",\"@id\":\"https:\/\/naturequilibre.com\/#organization\",\"name\":\"NATUREQUILIBRE\",\"url\":\"https:\/\/naturequilibre.com\/\",\"logo\":{\"@type\":\"ImageObject\",\"inLanguage\":\"fr-FR\",\"@id\":\"https:\/\/naturequilibre.com\/#\/schema\/logo\/image\/\",\"url\":\"http:\/\/tqiosxl.cluster023.hosting.ovh.net\/wp-content\/uploads\/2024\/04\/cropped-Arbre3.jpg\",\"contentUrl\":\"http:\/\/tqiosxl.cluster023.hosting.ovh.net\/wp-content\/uploads\/2024\/04\/cropped-Arbre3.jpg\",\"width\":512,\"height\":512,\"caption\":\"NATUREQUILIBRE\"},\"image\":{\"@id\":\"https:\/\/naturequilibre.com\/#\/schema\/logo\/image\/\"}}]}<\/script>\n<!-- \/ Yoast SEO plugin. -->","yoast_head_json":{"title":"Nos Offre Packs - NATUREQUILIBRE","robots":{"index":"index","follow":"follow","max-snippet":"max-snippet:-1","max-image-preview":"max-image-preview:large","max-video-preview":"max-video-preview:-1"},"canonical":"https:\/\/naturequilibre.com\/index.php\/offre-pack-irrigation-du-colon\/","og_locale":"fr_FR","og_type":"article","og_title":"Nos Offre Packs - NATUREQUILIBRE","og_description":"OFFRE PACK IRRIGATION DU COLON Durant 6 mois de suivi personnalis\u00e9 en consultation individuelle, je vous propose un programme complet sous forme de pack tout inclus int\u00e9grant : 8 s\u00e9ances d\u2019irrigation du colon Le co\u00fbt d\u2019une s\u00e9ance d\u2019irrigation du colon hors programme \u00ab Perte de poids \u00bb est de 110\u20ac (Pr\u00e9paration au je\u00fbne, sortie de [&hellip;]","og_url":"https:\/\/naturequilibre.com\/index.php\/offre-pack-irrigation-du-colon\/","og_site_name":"NATUREQUILIBRE","article_modified_time":"2024-05-13T09:52:20+00:00","og_image":[{"url":"http:\/\/tqiosxl.cluster023.hosting.ovh.net\/wp-content\/uploads\/2024\/04\/hydrotehrapie-colon.jpg"}],"twitter_card":"summary_large_image","twitter_misc":{"Dur\u00e9e de lecture estim\u00e9e":"4 minutes"},"schema":{"@context":"https:\/\/schema.org","@graph":[{"@type":"WebPage","@id":"https:\/\/naturequilibre.com\/index.php\/offre-pack-irrigation-du-colon\/","url":"https:\/\/naturequilibre.com\/index.php\/offre-pack-irrigation-du-colon\/","name":"Nos Offre Packs - NATUREQUILIBRE","isPartOf":{"@id":"https:\/\/naturequilibre.com\/#website"},"primaryImageOfPage":{"@id":"https:\/\/naturequilibre.com\/index.php\/offre-pack-irrigation-du-colon\/#primaryimage"},"image":{"@id":"https:\/\/naturequilibre.com\/index.php\/offre-pack-irrigation-du-colon\/#primaryimage"},"thumbnailUrl":"http:\/\/tqiosxl.cluster023.hosting.ovh.net\/wp-content\/uploads\/2024\/04\/hydrotehrapie-colon.jpg","datePublished":"2024-04-21T15:58:42+00:00","dateModified":"2024-05-13T09:52:20+00:00","breadcrumb":{"@id":"https:\/\/naturequilibre.com\/index.php\/offre-pack-irrigation-du-colon\/#breadcrumb"},"inLanguage":"fr-FR","potentialAction":[{"@type":"ReadAction","target":["https:\/\/naturequilibre.com\/index.php\/offre-pack-irrigation-du-colon\/"]}]},{"@type":"ImageObject","inLanguage":"fr-FR","@id":"https:\/\/naturequilibre.com\/index.php\/offre-pack-irrigation-du-colon\/#primaryimage","url":"http:\/\/tqiosxl.cluster023.hosting.ovh.net\/wp-content\/uploads\/2024\/04\/hydrotehrapie-colon.jpg","contentUrl":"http:\/\/tqiosxl.cluster023.hosting.ovh.net\/wp-content\/uploads\/2024\/04\/hydrotehrapie-colon.jpg"},{"@type":"BreadcrumbList","@id":"https:\/\/naturequilibre.com\/index.php\/offre-pack-irrigation-du-colon\/#breadcrumb","itemListElement":[{"@type":"ListItem","position":1,"name":"Accueil","item":"https:\/\/naturequilibre.com\/"},{"@type":"ListItem","position":2,"name":"Nos Offre Packs"}]},{"@type":"WebSite","@id":"https:\/\/naturequilibre.com\/#website","url":"https:\/\/naturequilibre.com\/","name":"NATUREQUILIBRE","description":"UNE APPROCHE GLOBALE UN BIEN \u00caTRE DURABLE","publisher":{"@id":"https:\/\/naturequilibre.com\/#organization"},"potentialAction":[{"@type":"SearchAction","target":{"@type":"EntryPoint","urlTemplate":"https:\/\/naturequilibre.com\/?s={search_term_string}"},"query-input":"required name=search_term_string"}],"inLanguage":"fr-FR"},{"@type":"Organization","@id":"https:\/\/naturequilibre.com\/#organization","name":"NATUREQUILIBRE","url":"https:\/\/naturequilibre.com\/","logo":{"@type":"ImageObject","inLanguage":"fr-FR","@id":"https:\/\/naturequilibre.com\/#\/schema\/logo\/image\/","url":"http:\/\/tqiosxl.cluster023.hosting.ovh.net\/wp-content\/uploads\/2024\/04\/cropped-Arbre3.jpg","contentUrl":"http:\/\/tqiosxl.cluster023.hosting.ovh.net\/wp-content\/uploads\/2024\/04\/cropped-Arbre3.jpg","width":512,"height":512,"caption":"NATUREQUILIBRE"},"image":{"@id":"https:\/\/naturequilibre.com\/#\/schema\/logo\/image\/"}}]}},"_links":{"self":[{"href":"https:\/\/naturequilibre.com\/index.php\/wp-json\/wp\/v2\/pages\/276","targetHints":{"allow":["GET"]}}],"collection":[{"href":"https:\/\/naturequilibre.com\/index.php\/wp-json\/wp\/v2\/pages"}],"about":[{"href":"https:\/\/naturequilibre.com\/index.php\/wp-json\/wp\/v2\/types\/page"}],"author":[{"embeddable":true,"href":"https:\/\/naturequilibre.com\/index.php\/wp-json\/wp\/v2\/users\/1"}],"replies":[{"embeddable":true,"href":"https:\/\/naturequilibre.com\/index.php\/wp-json\/wp\/v2\/comments?post=276"}],"version-history":[{"count":7,"href":"https:\/\/naturequilibre.com\/index.php\/wp-json\/wp\/v2\/pages\/276\/revisions"}],"predecessor-version":[{"id":375,"href":"https:\/\/naturequilibre.com\/index.php\/wp-json\/wp\/v2\/pages\/276\/revisions\/375"}],"wp:attachment":[{"href":"https:\/\/naturequilibre.com\/index.php\/wp-json\/wp\/v2\/media?parent=276"}],"curies":[{"name":"wp","href":"https:\/\/api.w.org\/{rel}","templated":true}]}}