{"id":31,"date":"2024-04-11T09:54:30","date_gmt":"2024-04-11T07:54:30","guid":{"rendered":"http:\/\/tqiosxl.cluster023.hosting.ovh.net\/?page_id=31"},"modified":"2024-05-13T11:59:04","modified_gmt":"2024-05-13T09:59:04","slug":"naturopathie","status":"publish","type":"page","link":"https:\/\/naturequilibre.com\/index.php\/naturopathie\/","title":{"rendered":"La Naturopathie"},"content":{"rendered":"\n<div class=\"wp-block-group alignfull is-layout-constrained wp-block-group-is-layout-constrained\">\n<h2 class=\"wp-block-heading alignwide has-tertiary-background-color has-background has-system-font-font-family\" style=\"font-size:2rem\">Le naturopathe, est un praticien en sant\u00e9 naturelle\u2026 L\u2019Organisation Mondiale de la Sant\u00e9 (OMS) reconnait cet exercice !<\/h2>\n<\/div>\n\n\n\n<div class=\"wp-block-columns alignwide has-background has-base-font-family is-layout-flex wp-container-core-columns-is-layout-28f84493 wp-block-columns-is-layout-flex\" style=\"background-color:#f6f2d0\">\n<div class=\"wp-block-column is-layout-flow wp-block-column-is-layout-flow\">\n<figure class=\"wp-block-gallery has-nested-images columns-default is-cropped wp-block-gallery-1 is-layout-flex wp-block-gallery-is-layout-flex\">\n<figure class=\"wp-block-image size-large has-custom-border\"><img loading=\"lazy\" decoding=\"async\" width=\"1024\" height=\"459\" data-id=\"18\" src=\"http:\/\/tqiosxl.cluster023.hosting.ovh.net\/wp-content\/uploads\/2024\/04\/Picture8-1024x459.jpg\" alt=\"\" class=\"has-border-color has-light-border-color wp-image-18\" srcset=\"https:\/\/naturequilibre.com\/wp-content\/uploads\/2024\/04\/Picture8-1024x459.jpg 1024w, https:\/\/naturequilibre.com\/wp-content\/uploads\/2024\/04\/Picture8-300x134.jpg 300w, https:\/\/naturequilibre.com\/wp-content\/uploads\/2024\/04\/Picture8-768x344.jpg 768w, https:\/\/naturequilibre.com\/wp-content\/uploads\/2024\/04\/Picture8.jpg 1100w\" sizes=\"auto, (max-width: 1024px) 100vw, 1024px\" \/><\/figure>\n<\/figure>\n\n\n\n<div class=\"wp-block-columns is-layout-flex wp-container-core-columns-is-layout-28f84493 wp-block-columns-is-layout-flex\">\n<div class=\"wp-block-column is-layout-flow wp-block-column-is-layout-flow\">\n<p style=\"font-size:1.17rem\"><strong>Les personnes qui consultent un naturopathe le font essentiellement pour 2 raisons.<\/strong><\/p>\n\n\n\n<p><strong>La premi\u00e8re : <\/strong>Pr\u00e9server sa sant\u00e9 et pr\u00e9venir la survenue de troubles est possible gr\u00e2ce \u00e0 l\u2019application des r\u00e8gles issues des cinq piliers socle de la naturopathie. :<\/p>\n\n\n\n<ul class=\"wp-block-list\">\n<li style=\"font-style:normal;font-weight:700\" class=\"has-system-font-font-family\">Humorisme<\/li>\n\n\n\n<li style=\"font-style:normal;font-weight:700\" class=\"has-system-font-font-family\">Hygi\u00e9nisme<\/li>\n\n\n\n<li style=\"font-style:normal;font-weight:700\" class=\"has-system-font-font-family\">Vitalisme<\/li>\n\n\n\n<li style=\"font-style:normal;font-weight:700\" class=\"has-system-font-font-family\">Causalisme<\/li>\n\n\n\n<li style=\"font-style:normal;font-weight:700\" class=\"has-system-font-font-family\">Holisme<\/li>\n<\/ul>\n<\/div>\n\n\n\n<div class=\"wp-block-column is-layout-flow wp-block-column-is-layout-flow\">\n<p><strong>La seconde: <\/strong> Il s\u2019agit le plus souvent, d\u2019une probl\u00e9matique de sant\u00e9 qui perdure et dont les troubles deviennent chroniques. Parfois les personnes sont g\u00ean\u00e9es par un trouble mais ne voient pas l\u2019int\u00e9r\u00eat de consulter pr\u00e9cocement et parfois, m\u00eame apr\u00e8s avoir consult\u00e9 un professionnel de sant\u00e9 allopathique ou non, le trouble persiste et prend plus de place dans la vie de la personne malgr\u00e9 les choses mises en place initialement.<\/p>\n\n\n\n<p>C\u2019est dans ces cas, que je vous propose d\u2019aborder la situation de fa\u00e7on diff\u00e9rente et innovante. Mon approche va consister \u00e0 identifier les causes profondes des troubles que vous ressentez et qui vous g\u00eanent.  Puis nous ajusterons ensemble votre hygi\u00e8ne de vie en l\u2019adaptant \u00e0 vos capacit\u00e9s et votre situation. Au moyen de m\u00e9thodes naturelles, nous ciblerons l\u2019action \u00e0 mener sur la source du probl\u00e8me.<\/p>\n<\/div>\n<\/div>\n<\/div>\n<\/div>\n\n\n\n<div class=\"wp-block-columns alignwide has-secondary-background-color has-background has-base-font-family is-layout-flex wp-container-core-columns-is-layout-28f84493 wp-block-columns-is-layout-flex\">\n<div class=\"wp-block-column is-layout-flow wp-block-column-is-layout-flow\" style=\"flex-basis:33.33%\">\n<figure class=\"wp-block-image size-large is-resized has-custom-border\"><img loading=\"lazy\" decoding=\"async\" width=\"1024\" height=\"576\" src=\"http:\/\/tqiosxl.cluster023.hosting.ovh.net\/wp-content\/uploads\/2024\/04\/IMG_E7475-1024x576.jpg\" alt=\"\" class=\"has-border-color has-background-border-color wp-image-33\" style=\"width:340px;height:auto\" srcset=\"https:\/\/naturequilibre.com\/wp-content\/uploads\/2024\/04\/IMG_E7475-1024x576.jpg 1024w, https:\/\/naturequilibre.com\/wp-content\/uploads\/2024\/04\/IMG_E7475-300x169.jpg 300w, https:\/\/naturequilibre.com\/wp-content\/uploads\/2024\/04\/IMG_E7475-768x432.jpg 768w, https:\/\/naturequilibre.com\/wp-content\/uploads\/2024\/04\/IMG_E7475-1536x864.jpg 1536w, https:\/\/naturequilibre.com\/wp-content\/uploads\/2024\/04\/IMG_E7475-2048x1152.jpg 2048w, https:\/\/naturequilibre.com\/wp-content\/uploads\/2024\/04\/IMG_E7475-1170x658.jpg 1170w\" sizes=\"auto, (max-width: 1024px) 100vw, 1024px\" \/><\/figure>\n<\/div>\n\n\n\n<div class=\"wp-block-column is-layout-flow wp-block-column-is-layout-flow\" style=\"flex-basis:66.66%\">\n<h2 class=\"wp-block-heading has-text-align-center has-base-font-family has-medium-font-size\"><strong>CONSULTATION DE NATUROPATHIE<\/strong><\/h2>\n\n\n\n<p>Dans mes consultations, je vous accompagne de fa\u00e7on personnalis\u00e9e pour d\u00e9terminer ensemble les axes prioritaires \u00e0 privil\u00e9gier en accord avec votre \u00e9tat \u00e9motionnel et vos capacit\u00e9s physiologiques. Ce qui participera \u00e0 maintenir au mieux votre niveau de sant\u00e9.<\/p>\n<\/div>\n<\/div>\n\n\n\n<div class=\"wp-block-columns alignwide is-layout-flex wp-container-core-columns-is-layout-28f84493 wp-block-columns-is-layout-flex\">\n<div class=\"wp-block-column is-vertically-aligned-center is-layout-flow wp-block-column-is-layout-flow\">\n<p class=\"has-text-align-center has-dark-color has-secondary-background-color has-text-color has-background has-link-color has-system-font-font-family has-medium-font-size wp-elements-0241d7fee62237c7d14e2b1448db4009\"><strong><strong>La s\u00e9ance de naturopathie 70\u20ac &#8211; S\u00e9ance de suivi<\/strong><\/strong> <strong><strong>50\u20ac <\/strong><\/strong><\/p>\n<\/div>\n<\/div>\n\n\n\n<div class=\"wp-block-group is-layout-constrained wp-block-group-is-layout-constrained\">\n<div class=\"wp-block-columns is-layout-flex wp-container-core-columns-is-layout-28f84493 wp-block-columns-is-layout-flex\">\n<div class=\"wp-block-column is-vertically-aligned-center is-layout-flow wp-block-column-is-layout-flow\">\n<p><\/p>\n<\/div>\n<\/div>\n<\/div>\n","protected":false},"excerpt":{"rendered":"<p>Le naturopathe, est un praticien en sant\u00e9 naturelle\u2026 L\u2019Organisation Mondiale de la Sant\u00e9 (OMS) reconnait cet exercice ! Les personnes qui consultent un naturopathe le font essentiellement pour 2 raisons. La premi\u00e8re : Pr\u00e9server sa sant\u00e9 et pr\u00e9venir la survenue de troubles est possible gr\u00e2ce \u00e0 l\u2019application des r\u00e8gles issues des cinq piliers socle de [&hellip;]<\/p>\n","protected":false},"author":1,"featured_media":0,"parent":0,"menu_order":0,"comment_status":"closed","ping_status":"closed","template":"","meta":{"footnotes":""},"class_list":["post-31","page","type-page","status-publish","hentry"],"yoast_head":"<!-- This site is optimized with the Yoast SEO plugin v22.6 - https:\/\/yoast.com\/wordpress\/plugins\/seo\/ -->\n<title>La Naturopathie - NATUREQUILIBRE<\/title>\n<meta name=\"description\" content=\"La naturopathie est une pratique de soin non conventionnelle qui affirme \u00e9quilibrer le fonctionnement de l&#039;organisme par des moyens consid\u00e9r\u00e9s par celle-ci comme naturels : changement d&#039;alimentation, je\u00fbnes, hygi\u00e8ne de vie, phytoth\u00e9rapie, massages, activit\u00e9 physique, etc.\" \/>\n<meta name=\"robots\" content=\"index, follow, max-snippet:-1, max-image-preview:large, max-video-preview:-1\" \/>\n<link rel=\"canonical\" href=\"https:\/\/naturequilibre.com\/index.php\/naturopathie\/\" \/>\n<meta property=\"og:locale\" content=\"fr_FR\" \/>\n<meta property=\"og:type\" content=\"article\" \/>\n<meta property=\"og:title\" content=\"La Naturopathie - NATUREQUILIBRE\" \/>\n<meta property=\"og:description\" content=\"La naturopathie est une pratique de soin non conventionnelle qui affirme \u00e9quilibrer le fonctionnement de l&#039;organisme par des moyens consid\u00e9r\u00e9s par celle-ci comme naturels : changement d&#039;alimentation, je\u00fbnes, hygi\u00e8ne de vie, phytoth\u00e9rapie, massages, activit\u00e9 physique, etc.\" \/>\n<meta property=\"og:url\" content=\"https:\/\/naturequilibre.com\/index.php\/naturopathie\/\" \/>\n<meta property=\"og:site_name\" content=\"NATUREQUILIBRE\" \/>\n<meta property=\"article:modified_time\" content=\"2024-05-13T09:59:04+00:00\" \/>\n<meta property=\"og:image\" content=\"http:\/\/tqiosxl.cluster023.hosting.ovh.net\/wp-content\/uploads\/2024\/04\/Picture8-1024x459.jpg\" \/>\n<meta name=\"twitter:card\" content=\"summary_large_image\" \/>\n<meta name=\"twitter:label1\" content=\"Dur\u00e9e de lecture estim\u00e9e\" \/>\n\t<meta name=\"twitter:data1\" content=\"2 minutes\" \/>\n<script type=\"application\/ld+json\" class=\"yoast-schema-graph\">{\"@context\":\"https:\/\/schema.org\",\"@graph\":[{\"@type\":\"WebPage\",\"@id\":\"https:\/\/naturequilibre.com\/index.php\/naturopathie\/\",\"url\":\"https:\/\/naturequilibre.com\/index.php\/naturopathie\/\",\"name\":\"La Naturopathie - NATUREQUILIBRE\",\"isPartOf\":{\"@id\":\"https:\/\/naturequilibre.com\/#website\"},\"primaryImageOfPage\":{\"@id\":\"https:\/\/naturequilibre.com\/index.php\/naturopathie\/#primaryimage\"},\"image\":{\"@id\":\"https:\/\/naturequilibre.com\/index.php\/naturopathie\/#primaryimage\"},\"thumbnailUrl\":\"http:\/\/tqiosxl.cluster023.hosting.ovh.net\/wp-content\/uploads\/2024\/04\/Picture8-1024x459.jpg\",\"datePublished\":\"2024-04-11T07:54:30+00:00\",\"dateModified\":\"2024-05-13T09:59:04+00:00\",\"description\":\"La naturopathie est une pratique de soin non conventionnelle qui affirme \u00e9quilibrer le fonctionnement de l'organisme par des moyens consid\u00e9r\u00e9s par celle-ci comme naturels : changement d'alimentation, je\u00fbnes, hygi\u00e8ne de vie, phytoth\u00e9rapie, massages, activit\u00e9 physique, etc.\",\"breadcrumb\":{\"@id\":\"https:\/\/naturequilibre.com\/index.php\/naturopathie\/#breadcrumb\"},\"inLanguage\":\"fr-FR\",\"potentialAction\":[{\"@type\":\"ReadAction\",\"target\":[\"https:\/\/naturequilibre.com\/index.php\/naturopathie\/\"]}]},{\"@type\":\"ImageObject\",\"inLanguage\":\"fr-FR\",\"@id\":\"https:\/\/naturequilibre.com\/index.php\/naturopathie\/#primaryimage\",\"url\":\"http:\/\/tqiosxl.cluster023.hosting.ovh.net\/wp-content\/uploads\/2024\/04\/Picture8-1024x459.jpg\",\"contentUrl\":\"http:\/\/tqiosxl.cluster023.hosting.ovh.net\/wp-content\/uploads\/2024\/04\/Picture8-1024x459.jpg\"},{\"@type\":\"BreadcrumbList\",\"@id\":\"https:\/\/naturequilibre.com\/index.php\/naturopathie\/#breadcrumb\",\"itemListElement\":[{\"@type\":\"ListItem\",\"position\":1,\"name\":\"Accueil\",\"item\":\"https:\/\/naturequilibre.com\/\"},{\"@type\":\"ListItem\",\"position\":2,\"name\":\"La Naturopathie\"}]},{\"@type\":\"WebSite\",\"@id\":\"https:\/\/naturequilibre.com\/#website\",\"url\":\"https:\/\/naturequilibre.com\/\",\"name\":\"NATUREQUILIBRE\",\"description\":\"UNE APPROCHE GLOBALE UN BIEN \u00caTRE DURABLE\",\"publisher\":{\"@id\":\"https:\/\/naturequilibre.com\/#organization\"},\"potentialAction\":[{\"@type\":\"SearchAction\",\"target\":{\"@type\":\"EntryPoint\",\"urlTemplate\":\"https:\/\/naturequilibre.com\/?s={search_term_string}\"},\"query-input\":\"required name=search_term_string\"}],\"inLanguage\":\"fr-FR\"},{\"@type\":\"Organization\",\"@id\":\"https:\/\/naturequilibre.com\/#organization\",\"name\":\"NATUREQUILIBRE\",\"url\":\"https:\/\/naturequilibre.com\/\",\"logo\":{\"@type\":\"ImageObject\",\"inLanguage\":\"fr-FR\",\"@id\":\"https:\/\/naturequilibre.com\/#\/schema\/logo\/image\/\",\"url\":\"http:\/\/tqiosxl.cluster023.hosting.ovh.net\/wp-content\/uploads\/2024\/04\/cropped-Arbre3.jpg\",\"contentUrl\":\"http:\/\/tqiosxl.cluster023.hosting.ovh.net\/wp-content\/uploads\/2024\/04\/cropped-Arbre3.jpg\",\"width\":512,\"height\":512,\"caption\":\"NATUREQUILIBRE\"},\"image\":{\"@id\":\"https:\/\/naturequilibre.com\/#\/schema\/logo\/image\/\"}}]}<\/script>\n<!-- \/ Yoast SEO plugin. -->","yoast_head_json":{"title":"La Naturopathie - NATUREQUILIBRE","description":"La naturopathie est une pratique de soin non conventionnelle qui affirme \u00e9quilibrer le fonctionnement de l'organisme par des moyens consid\u00e9r\u00e9s par celle-ci comme naturels : changement d'alimentation, je\u00fbnes, hygi\u00e8ne de vie, phytoth\u00e9rapie, massages, activit\u00e9 physique, etc.","robots":{"index":"index","follow":"follow","max-snippet":"max-snippet:-1","max-image-preview":"max-image-preview:large","max-video-preview":"max-video-preview:-1"},"canonical":"https:\/\/naturequilibre.com\/index.php\/naturopathie\/","og_locale":"fr_FR","og_type":"article","og_title":"La Naturopathie - NATUREQUILIBRE","og_description":"La naturopathie est une pratique de soin non conventionnelle qui affirme \u00e9quilibrer le fonctionnement de l'organisme par des moyens consid\u00e9r\u00e9s par celle-ci comme naturels : changement d'alimentation, je\u00fbnes, hygi\u00e8ne de vie, phytoth\u00e9rapie, massages, activit\u00e9 physique, etc.","og_url":"https:\/\/naturequilibre.com\/index.php\/naturopathie\/","og_site_name":"NATUREQUILIBRE","article_modified_time":"2024-05-13T09:59:04+00:00","og_image":[{"url":"http:\/\/tqiosxl.cluster023.hosting.ovh.net\/wp-content\/uploads\/2024\/04\/Picture8-1024x459.jpg"}],"twitter_card":"summary_large_image","twitter_misc":{"Dur\u00e9e de lecture estim\u00e9e":"2 minutes"},"schema":{"@context":"https:\/\/schema.org","@graph":[{"@type":"WebPage","@id":"https:\/\/naturequilibre.com\/index.php\/naturopathie\/","url":"https:\/\/naturequilibre.com\/index.php\/naturopathie\/","name":"La Naturopathie - NATUREQUILIBRE","isPartOf":{"@id":"https:\/\/naturequilibre.com\/#website"},"primaryImageOfPage":{"@id":"https:\/\/naturequilibre.com\/index.php\/naturopathie\/#primaryimage"},"image":{"@id":"https:\/\/naturequilibre.com\/index.php\/naturopathie\/#primaryimage"},"thumbnailUrl":"http:\/\/tqiosxl.cluster023.hosting.ovh.net\/wp-content\/uploads\/2024\/04\/Picture8-1024x459.jpg","datePublished":"2024-04-11T07:54:30+00:00","dateModified":"2024-05-13T09:59:04+00:00","description":"La naturopathie est une pratique de soin non conventionnelle qui affirme \u00e9quilibrer le fonctionnement de l'organisme par des moyens consid\u00e9r\u00e9s par celle-ci comme naturels : changement d'alimentation, je\u00fbnes, hygi\u00e8ne de vie, phytoth\u00e9rapie, massages, activit\u00e9 physique, etc.","breadcrumb":{"@id":"https:\/\/naturequilibre.com\/index.php\/naturopathie\/#breadcrumb"},"inLanguage":"fr-FR","potentialAction":[{"@type":"ReadAction","target":["https:\/\/naturequilibre.com\/index.php\/naturopathie\/"]}]},{"@type":"ImageObject","inLanguage":"fr-FR","@id":"https:\/\/naturequilibre.com\/index.php\/naturopathie\/#primaryimage","url":"http:\/\/tqiosxl.cluster023.hosting.ovh.net\/wp-content\/uploads\/2024\/04\/Picture8-1024x459.jpg","contentUrl":"http:\/\/tqiosxl.cluster023.hosting.ovh.net\/wp-content\/uploads\/2024\/04\/Picture8-1024x459.jpg"},{"@type":"BreadcrumbList","@id":"https:\/\/naturequilibre.com\/index.php\/naturopathie\/#breadcrumb","itemListElement":[{"@type":"ListItem","position":1,"name":"Accueil","item":"https:\/\/naturequilibre.com\/"},{"@type":"ListItem","position":2,"name":"La Naturopathie"}]},{"@type":"WebSite","@id":"https:\/\/naturequilibre.com\/#website","url":"https:\/\/naturequilibre.com\/","name":"NATUREQUILIBRE","description":"UNE APPROCHE GLOBALE UN BIEN \u00caTRE DURABLE","publisher":{"@id":"https:\/\/naturequilibre.com\/#organization"},"potentialAction":[{"@type":"SearchAction","target":{"@type":"EntryPoint","urlTemplate":"https:\/\/naturequilibre.com\/?s={search_term_string}"},"query-input":"required name=search_term_string"}],"inLanguage":"fr-FR"},{"@type":"Organization","@id":"https:\/\/naturequilibre.com\/#organization","name":"NATUREQUILIBRE","url":"https:\/\/naturequilibre.com\/","logo":{"@type":"ImageObject","inLanguage":"fr-FR","@id":"https:\/\/naturequilibre.com\/#\/schema\/logo\/image\/","url":"http:\/\/tqiosxl.cluster023.hosting.ovh.net\/wp-content\/uploads\/2024\/04\/cropped-Arbre3.jpg","contentUrl":"http:\/\/tqiosxl.cluster023.hosting.ovh.net\/wp-content\/uploads\/2024\/04\/cropped-Arbre3.jpg","width":512,"height":512,"caption":"NATUREQUILIBRE"},"image":{"@id":"https:\/\/naturequilibre.com\/#\/schema\/logo\/image\/"}}]}},"_links":{"self":[{"href":"https:\/\/naturequilibre.com\/index.php\/wp-json\/wp\/v2\/pages\/31","targetHints":{"allow":["GET"]}}],"collection":[{"href":"https:\/\/naturequilibre.com\/index.php\/wp-json\/wp\/v2\/pages"}],"about":[{"href":"https:\/\/naturequilibre.com\/index.php\/wp-json\/wp\/v2\/types\/page"}],"author":[{"embeddable":true,"href":"https:\/\/naturequilibre.com\/index.php\/wp-json\/wp\/v2\/users\/1"}],"replies":[{"embeddable":true,"href":"https:\/\/naturequilibre.com\/index.php\/wp-json\/wp\/v2\/comments?post=31"}],"version-history":[{"count":28,"href":"https:\/\/naturequilibre.com\/index.php\/wp-json\/wp\/v2\/pages\/31\/revisions"}],"predecessor-version":[{"id":352,"href":"https:\/\/naturequilibre.com\/index.php\/wp-json\/wp\/v2\/pages\/31\/revisions\/352"}],"wp:attachment":[{"href":"https:\/\/naturequilibre.com\/index.php\/wp-json\/wp\/v2\/media?parent=31"}],"curies":[{"name":"wp","href":"https:\/\/api.w.org\/{rel}","templated":true}]}}