{"id":58,"date":"2024-04-11T13:05:24","date_gmt":"2024-04-11T11:05:24","guid":{"rendered":"http:\/\/tqiosxl.cluster023.hosting.ovh.net\/?page_id=58"},"modified":"2024-05-13T11:23:01","modified_gmt":"2024-05-13T09:23:01","slug":"irrigation-du-colon","status":"publish","type":"page","link":"https:\/\/naturequilibre.com\/index.php\/irrigation-du-colon\/","title":{"rendered":"L&rsquo;Irrigation du colon"},"content":{"rendered":"\n<div class=\"wp-block-group alignwide has-background-light-background-color has-background is-content-justification-right is-layout-constrained wp-container-core-group-is-layout-7f724740 wp-block-group-is-layout-constrained\" style=\"padding-top:68px\">\n<div class=\"wp-block-columns is-layout-flex wp-container-core-columns-is-layout-e0fbbc84 wp-block-columns-is-layout-flex\">\n<div class=\"wp-block-column is-layout-flow wp-block-column-is-layout-flow\" style=\"flex-basis:33.33%\">\n<figure class=\"wp-block-image size-large has-custom-border\"><img loading=\"lazy\" decoding=\"async\" width=\"1024\" height=\"768\" src=\"http:\/\/tqiosxl.cluster023.hosting.ovh.net\/wp-content\/uploads\/2024\/04\/transit1-1024x768.jpeg\" alt=\"\" class=\"has-border-color has-background-border-color wp-image-99\" srcset=\"https:\/\/naturequilibre.com\/wp-content\/uploads\/2024\/04\/transit1-1024x768.jpeg 1024w, https:\/\/naturequilibre.com\/wp-content\/uploads\/2024\/04\/transit1-300x225.jpeg 300w, https:\/\/naturequilibre.com\/wp-content\/uploads\/2024\/04\/transit1-768x576.jpeg 768w, https:\/\/naturequilibre.com\/wp-content\/uploads\/2024\/04\/transit1-1170x878.jpeg 1170w, https:\/\/naturequilibre.com\/wp-content\/uploads\/2024\/04\/transit1.jpeg 1200w\" sizes=\"auto, (max-width: 1024px) 100vw, 1024px\" \/><\/figure>\n<\/div>\n\n\n\n<div class=\"wp-block-column is-layout-flow wp-block-column-is-layout-flow\" style=\"flex-basis:66.66%\">\n<h2 class=\"wp-block-heading has-text-regular-color has-text-color has-link-color has-base-font-family has-medium-font-size wp-elements-f7a03f8eef4b007e1f4c8381bda37de4\">L&rsquo;hydroth\u00e9rapie du colon est une mesure d&rsquo;hygi\u00e8ne intestinale visant \u00e0 nettoyer en profondeur le colon, segment terminal du tube digestif. <\/h2>\n\n\n\n<h2 class=\"wp-block-heading has-text-regular-color has-text-color has-link-color has-base-font-family has-medium-font-size wp-elements-a8a92b5d09ed2a8f9331ece58d321f2a\">Ce processus permet d&rsquo;\u00e9liminer les d\u00e9chets alimentaires accumul\u00e9s et de stimuler le syst\u00e8me parasympathique, favorisant la d\u00e9tente et le rel\u00e2chement des tensions.<\/h2>\n<\/div>\n<\/div>\n<\/div>\n\n\n\n<div class=\"wp-block-media-text alignwide has-media-on-the-right is-stacked-on-mobile is-vertically-aligned-center is-image-fill has-background\" style=\"background-color:#f1f5c7;grid-template-columns:auto 47%\"><div class=\"wp-block-media-text__content\">\n<div class=\"wp-block-group is-layout-flow wp-block-group-is-layout-flow\" style=\"padding-top:2em;padding-right:2em;padding-bottom:2em;padding-left:2em\">\n<p class=\"has-base-font-size\" style=\"line-height:1.2\">Apr\u00e8s toute prise alimentaire, le chemin parcouru par l\u2019alimentation, va permettre \u00e0 l\u2019organisme de capter des nutriments, des vitamines, des oligo\u00e9l\u00e9ments, etc\u2026 <\/p>\n\n\n\n<p class=\"has-base-font-size\" style=\"line-height:1.2\">Au moyen de divers processus la digestion va produire des d\u00e9chets alimentaires qui vont traverser la derni\u00e8re partie du tube digestif appel\u00e9 colon.<br>Cette partie terminale est constitu\u00e9e de 3 segments dont chacun va finaliser la digestion de fa\u00e7on tr\u00e8s sp\u00e9cifique : Fermentation, r\u00e9absorption ou excr\u00e9tion hydrique et enfin putr\u00e9faction.<br>Tout comme pour une canalisation, le colon peut se retrouver colmat\u00e9 par endroit, accumulant plus ou moins des d\u00e9chets qui vont perturber les derni\u00e8res \u00e9tapes d\u2019\u00e9change entre la lumi\u00e8re digestive et l\u2019organisme.<\/p>\n\n\n\n<p class=\"has-base-font-size\" style=\"line-height:1.2\"> A ce niveau, le microbiote sp\u00e9cifique et diff\u00e9rent entre colon droit et gauche ; va directement \u00eatre impact\u00e9 par ce qui constitue l\u2019alimentation et les d\u00e9chets produits \u00e0 partir de celle-ci.<\/p>\n<\/div>\n<\/div><figure class=\"wp-block-media-text__media\" style=\"background-image:url(http:\/\/naturequilibre.com\/wp-content\/uploads\/2024\/04\/colon3-1024x576.jpg);background-position:50% 50%\"><img loading=\"lazy\" decoding=\"async\" width=\"1024\" height=\"576\" src=\"http:\/\/naturequilibre.com\/wp-content\/uploads\/2024\/04\/colon3-1024x576.jpg\" alt=\"\" class=\"wp-image-144 size-full\" srcset=\"https:\/\/naturequilibre.com\/wp-content\/uploads\/2024\/04\/colon3-1024x576.jpg 1024w, https:\/\/naturequilibre.com\/wp-content\/uploads\/2024\/04\/colon3-300x169.jpg 300w, https:\/\/naturequilibre.com\/wp-content\/uploads\/2024\/04\/colon3-768x432.jpg 768w, https:\/\/naturequilibre.com\/wp-content\/uploads\/2024\/04\/colon3-1170x658.jpg 1170w, https:\/\/naturequilibre.com\/wp-content\/uploads\/2024\/04\/colon3.jpg 1280w\" sizes=\"auto, (max-width: 1024px) 100vw, 1024px\" \/><\/figure><\/div>\n\n\n\n<div class=\"wp-block-columns alignwide has-background is-layout-flex wp-container-core-columns-is-layout-28f84493 wp-block-columns-is-layout-flex\" style=\"background-color:#fffdea\">\n<div class=\"wp-block-column is-layout-flow wp-block-column-is-layout-flow\">\n<figure class=\"wp-block-gallery has-nested-images columns-default is-cropped wp-block-gallery-1 is-layout-flex wp-block-gallery-is-layout-flex\">\n<figure class=\"wp-block-image size-full has-custom-border\"><img loading=\"lazy\" decoding=\"async\" width=\"700\" height=\"400\" data-id=\"148\" src=\"http:\/\/tqiosxl.cluster023.hosting.ovh.net\/wp-content\/uploads\/2024\/04\/hydrotehrapie-colon.jpg\" alt=\"\" class=\"has-border-color has-light-border-color wp-image-148\" srcset=\"https:\/\/naturequilibre.com\/wp-content\/uploads\/2024\/04\/hydrotehrapie-colon.jpg 700w, https:\/\/naturequilibre.com\/wp-content\/uploads\/2024\/04\/hydrotehrapie-colon-300x171.jpg 300w\" sizes=\"auto, (max-width: 700px) 100vw, 700px\" \/><\/figure>\n<\/figure>\n\n\n\n<hr class=\"wp-block-separator aligncenter has-alpha-channel-opacity\"\/>\n\n\n\n<figure class=\"wp-block-image aligncenter size-large is-resized\"><img loading=\"lazy\" decoding=\"async\" width=\"993\" height=\"1024\" src=\"http:\/\/naturequilibre.com\/wp-content\/uploads\/2024\/05\/Offre1-993x1024.jpg\" alt=\"\" class=\"wp-image-366\" style=\"width:309px;height:auto\" srcset=\"https:\/\/naturequilibre.com\/wp-content\/uploads\/2024\/05\/Offre1-993x1024.jpg 993w, https:\/\/naturequilibre.com\/wp-content\/uploads\/2024\/05\/Offre1-291x300.jpg 291w, https:\/\/naturequilibre.com\/wp-content\/uploads\/2024\/05\/Offre1-768x792.jpg 768w, https:\/\/naturequilibre.com\/wp-content\/uploads\/2024\/05\/Offre1-1170x1207.jpg 1170w, https:\/\/naturequilibre.com\/wp-content\/uploads\/2024\/05\/Offre1.jpg 1243w\" sizes=\"auto, (max-width: 993px) 100vw, 993px\" \/><\/figure>\n<\/div>\n\n\n\n<div class=\"wp-block-column is-layout-flow wp-block-column-is-layout-flow\">\n<p class=\"has-base-font-family has-base-font-size\">L\u2019irrigation du colon va permettre d\u2019effectuer un nettoyage en profondeur de celui-ci. Les d\u00e9bris colmat\u00e9s et accroch\u00e9s vont \u00eatre d\u00e9log\u00e9s et \u00e9limin\u00e9s.<br>Ce lavement doux, \u00e0 faible pression et \u00e0 temp\u00e9rature contr\u00f4l\u00e9es va avoir plusieurs effets :<\/p>\n\n\n\n<ul class=\"has-small-font-size wp-block-list\">\n<li>Stimulation du syst\u00e8me parasympathique apportant de la d\u00e9tente et un rel\u00e2chement des tensions et des spasmes avec stimulation du p\u00e9ristaltisme.<\/li>\n\n\n\n<li>Redynamisation intestinale par action m\u00e9canique et thermique participant \u00e0 l\u2019am\u00e9lioraiton du p\u00e9ristaltisme et un r\u00e9veil du tonus musculaire. Il se produit un r\u00e9veil du mouvement de masse et de l\u2019action r\u00e9flexe.<\/li>\n\n\n\n<li>R\u00e9solution de l\u2019\u00e9tat d\u2019encombrement par rapport aux mati\u00e8res s\u00e8ches dans les cas de constipation, par rapport aux mati\u00e8res irritantes en lien \u00e0 l\u2019acidit\u00e9 et la fermentation et par rapport aux gaz provoquant des sensations de ballonnement.<\/li>\n\n\n\n<li>Permet d\u2019obtenir des renseignements sur l\u2019\u00e9tat fonctionnel de l\u2019appareil digestif.<\/li>\n\n\n\n<li>D\u00e9congestion des organes limitrophes.<\/li>\n\n\n\n<li>Am\u00e9lioration de la digestion.<\/li>\n\n\n\n<li>R\u00e9habilitation du transit intestinal.<\/li>\n\n\n\n<li>Pr\u00e9paration aux examens.<\/li>\n<\/ul>\n<\/div>\n<\/div>\n\n\n\n<div class=\"wp-block-columns alignwide has-background is-layout-flex wp-container-core-columns-is-layout-28f84493 wp-block-columns-is-layout-flex\" style=\"background-color:#fffdea\">\n<div class=\"wp-block-column is-layout-flow wp-block-column-is-layout-flow\">\n<h2 class=\"wp-block-heading has-text-align-center has-system-font-font-family has-medium-font-size\"><strong>La s\u00e9ance d&rsquo;irrigation du colon 110\u20ac<\/strong><\/h2>\n<\/div>\n<\/div>\n\n\n\n<div class=\"wp-block-columns is-layout-flex wp-container-core-columns-is-layout-28f84493 wp-block-columns-is-layout-flex\">\n<div class=\"wp-block-column is-layout-flow wp-block-column-is-layout-flow\"><\/div>\n<\/div>\n","protected":false},"excerpt":{"rendered":"<p>L&rsquo;hydroth\u00e9rapie du colon est une mesure d&rsquo;hygi\u00e8ne intestinale visant \u00e0 nettoyer en profondeur le colon, segment terminal du tube digestif. Ce processus permet d&rsquo;\u00e9liminer les d\u00e9chets alimentaires accumul\u00e9s et de stimuler le syst\u00e8me parasympathique, favorisant la d\u00e9tente et le rel\u00e2chement des tensions. L\u2019irrigation du colon va permettre d\u2019effectuer un nettoyage en profondeur de celui-ci. Les [&hellip;]<\/p>\n","protected":false},"author":1,"featured_media":0,"parent":0,"menu_order":0,"comment_status":"closed","ping_status":"closed","template":"","meta":{"footnotes":""},"class_list":["post-58","page","type-page","status-publish","hentry"],"yoast_head":"<!-- This site is optimized with the Yoast SEO plugin v22.6 - https:\/\/yoast.com\/wordpress\/plugins\/seo\/ -->\n<title>L&#039;Irrigation du colon - NATUREQUILIBRE<\/title>\n<meta name=\"description\" content=\"L&#039;irrigation du c\u00f4lon, aussi appel\u00e9e l\u2019hydroth\u00e9rapie du c\u00f4lon, est une technique visant \u00e0 nettoyer le gros intestin en douceur. Elle stimule le syst\u00e8me immunitaire en d\u00e9toxiquant l\u2019organisme (foie, reins, intestins, peau, poumons) d&#039;o\u00f9 le soulagement de bien des probl\u00e8mes de sant\u00e9.\" \/>\n<meta name=\"robots\" content=\"index, follow, max-snippet:-1, max-image-preview:large, max-video-preview:-1\" \/>\n<link rel=\"canonical\" href=\"https:\/\/naturequilibre.com\/index.php\/irrigation-du-colon\/\" \/>\n<meta property=\"og:locale\" content=\"fr_FR\" \/>\n<meta property=\"og:type\" content=\"article\" \/>\n<meta property=\"og:title\" content=\"L&#039;Irrigation du colon - NATUREQUILIBRE\" \/>\n<meta property=\"og:description\" content=\"L&#039;irrigation du c\u00f4lon, aussi appel\u00e9e l\u2019hydroth\u00e9rapie du c\u00f4lon, est une technique visant \u00e0 nettoyer le gros intestin en douceur. Elle stimule le syst\u00e8me immunitaire en d\u00e9toxiquant l\u2019organisme (foie, reins, intestins, peau, poumons) d&#039;o\u00f9 le soulagement de bien des probl\u00e8mes de sant\u00e9.\" \/>\n<meta property=\"og:url\" content=\"https:\/\/naturequilibre.com\/index.php\/irrigation-du-colon\/\" \/>\n<meta property=\"og:site_name\" content=\"NATUREQUILIBRE\" \/>\n<meta property=\"article:modified_time\" content=\"2024-05-13T09:23:01+00:00\" \/>\n<meta property=\"og:image\" content=\"http:\/\/tqiosxl.cluster023.hosting.ovh.net\/wp-content\/uploads\/2024\/04\/transit1-1024x768.jpeg\" \/>\n<meta name=\"twitter:card\" content=\"summary_large_image\" \/>\n<meta name=\"twitter:label1\" content=\"Dur\u00e9e de lecture estim\u00e9e\" \/>\n\t<meta name=\"twitter:data1\" content=\"3 minutes\" \/>\n<script type=\"application\/ld+json\" class=\"yoast-schema-graph\">{\"@context\":\"https:\/\/schema.org\",\"@graph\":[{\"@type\":\"WebPage\",\"@id\":\"https:\/\/naturequilibre.com\/index.php\/irrigation-du-colon\/\",\"url\":\"https:\/\/naturequilibre.com\/index.php\/irrigation-du-colon\/\",\"name\":\"L'Irrigation du colon - NATUREQUILIBRE\",\"isPartOf\":{\"@id\":\"https:\/\/naturequilibre.com\/#website\"},\"primaryImageOfPage\":{\"@id\":\"https:\/\/naturequilibre.com\/index.php\/irrigation-du-colon\/#primaryimage\"},\"image\":{\"@id\":\"https:\/\/naturequilibre.com\/index.php\/irrigation-du-colon\/#primaryimage\"},\"thumbnailUrl\":\"http:\/\/tqiosxl.cluster023.hosting.ovh.net\/wp-content\/uploads\/2024\/04\/transit1-1024x768.jpeg\",\"datePublished\":\"2024-04-11T11:05:24+00:00\",\"dateModified\":\"2024-05-13T09:23:01+00:00\",\"description\":\"L'irrigation du c\u00f4lon, aussi appel\u00e9e l\u2019hydroth\u00e9rapie du c\u00f4lon, est une technique visant \u00e0 nettoyer le gros intestin en douceur. Elle stimule le syst\u00e8me immunitaire en d\u00e9toxiquant l\u2019organisme (foie, reins, intestins, peau, poumons) d'o\u00f9 le soulagement de bien des probl\u00e8mes de sant\u00e9.\",\"breadcrumb\":{\"@id\":\"https:\/\/naturequilibre.com\/index.php\/irrigation-du-colon\/#breadcrumb\"},\"inLanguage\":\"fr-FR\",\"potentialAction\":[{\"@type\":\"ReadAction\",\"target\":[\"https:\/\/naturequilibre.com\/index.php\/irrigation-du-colon\/\"]}]},{\"@type\":\"ImageObject\",\"inLanguage\":\"fr-FR\",\"@id\":\"https:\/\/naturequilibre.com\/index.php\/irrigation-du-colon\/#primaryimage\",\"url\":\"http:\/\/tqiosxl.cluster023.hosting.ovh.net\/wp-content\/uploads\/2024\/04\/transit1-1024x768.jpeg\",\"contentUrl\":\"http:\/\/tqiosxl.cluster023.hosting.ovh.net\/wp-content\/uploads\/2024\/04\/transit1-1024x768.jpeg\"},{\"@type\":\"BreadcrumbList\",\"@id\":\"https:\/\/naturequilibre.com\/index.php\/irrigation-du-colon\/#breadcrumb\",\"itemListElement\":[{\"@type\":\"ListItem\",\"position\":1,\"name\":\"Accueil\",\"item\":\"https:\/\/naturequilibre.com\/\"},{\"@type\":\"ListItem\",\"position\":2,\"name\":\"L&rsquo;Irrigation du colon\"}]},{\"@type\":\"WebSite\",\"@id\":\"https:\/\/naturequilibre.com\/#website\",\"url\":\"https:\/\/naturequilibre.com\/\",\"name\":\"NATUREQUILIBRE\",\"description\":\"UNE APPROCHE GLOBALE UN BIEN \u00caTRE DURABLE\",\"publisher\":{\"@id\":\"https:\/\/naturequilibre.com\/#organization\"},\"potentialAction\":[{\"@type\":\"SearchAction\",\"target\":{\"@type\":\"EntryPoint\",\"urlTemplate\":\"https:\/\/naturequilibre.com\/?s={search_term_string}\"},\"query-input\":\"required name=search_term_string\"}],\"inLanguage\":\"fr-FR\"},{\"@type\":\"Organization\",\"@id\":\"https:\/\/naturequilibre.com\/#organization\",\"name\":\"NATUREQUILIBRE\",\"url\":\"https:\/\/naturequilibre.com\/\",\"logo\":{\"@type\":\"ImageObject\",\"inLanguage\":\"fr-FR\",\"@id\":\"https:\/\/naturequilibre.com\/#\/schema\/logo\/image\/\",\"url\":\"http:\/\/tqiosxl.cluster023.hosting.ovh.net\/wp-content\/uploads\/2024\/04\/cropped-Arbre3.jpg\",\"contentUrl\":\"http:\/\/tqiosxl.cluster023.hosting.ovh.net\/wp-content\/uploads\/2024\/04\/cropped-Arbre3.jpg\",\"width\":512,\"height\":512,\"caption\":\"NATUREQUILIBRE\"},\"image\":{\"@id\":\"https:\/\/naturequilibre.com\/#\/schema\/logo\/image\/\"}}]}<\/script>\n<!-- \/ Yoast SEO plugin. -->","yoast_head_json":{"title":"L'Irrigation du colon - NATUREQUILIBRE","description":"L'irrigation du c\u00f4lon, aussi appel\u00e9e l\u2019hydroth\u00e9rapie du c\u00f4lon, est une technique visant \u00e0 nettoyer le gros intestin en douceur. Elle stimule le syst\u00e8me immunitaire en d\u00e9toxiquant l\u2019organisme (foie, reins, intestins, peau, poumons) d'o\u00f9 le soulagement de bien des probl\u00e8mes de sant\u00e9.","robots":{"index":"index","follow":"follow","max-snippet":"max-snippet:-1","max-image-preview":"max-image-preview:large","max-video-preview":"max-video-preview:-1"},"canonical":"https:\/\/naturequilibre.com\/index.php\/irrigation-du-colon\/","og_locale":"fr_FR","og_type":"article","og_title":"L'Irrigation du colon - NATUREQUILIBRE","og_description":"L'irrigation du c\u00f4lon, aussi appel\u00e9e l\u2019hydroth\u00e9rapie du c\u00f4lon, est une technique visant \u00e0 nettoyer le gros intestin en douceur. Elle stimule le syst\u00e8me immunitaire en d\u00e9toxiquant l\u2019organisme (foie, reins, intestins, peau, poumons) d'o\u00f9 le soulagement de bien des probl\u00e8mes de sant\u00e9.","og_url":"https:\/\/naturequilibre.com\/index.php\/irrigation-du-colon\/","og_site_name":"NATUREQUILIBRE","article_modified_time":"2024-05-13T09:23:01+00:00","og_image":[{"url":"http:\/\/tqiosxl.cluster023.hosting.ovh.net\/wp-content\/uploads\/2024\/04\/transit1-1024x768.jpeg"}],"twitter_card":"summary_large_image","twitter_misc":{"Dur\u00e9e de lecture estim\u00e9e":"3 minutes"},"schema":{"@context":"https:\/\/schema.org","@graph":[{"@type":"WebPage","@id":"https:\/\/naturequilibre.com\/index.php\/irrigation-du-colon\/","url":"https:\/\/naturequilibre.com\/index.php\/irrigation-du-colon\/","name":"L'Irrigation du colon - NATUREQUILIBRE","isPartOf":{"@id":"https:\/\/naturequilibre.com\/#website"},"primaryImageOfPage":{"@id":"https:\/\/naturequilibre.com\/index.php\/irrigation-du-colon\/#primaryimage"},"image":{"@id":"https:\/\/naturequilibre.com\/index.php\/irrigation-du-colon\/#primaryimage"},"thumbnailUrl":"http:\/\/tqiosxl.cluster023.hosting.ovh.net\/wp-content\/uploads\/2024\/04\/transit1-1024x768.jpeg","datePublished":"2024-04-11T11:05:24+00:00","dateModified":"2024-05-13T09:23:01+00:00","description":"L'irrigation du c\u00f4lon, aussi appel\u00e9e l\u2019hydroth\u00e9rapie du c\u00f4lon, est une technique visant \u00e0 nettoyer le gros intestin en douceur. Elle stimule le syst\u00e8me immunitaire en d\u00e9toxiquant l\u2019organisme (foie, reins, intestins, peau, poumons) d'o\u00f9 le soulagement de bien des probl\u00e8mes de sant\u00e9.","breadcrumb":{"@id":"https:\/\/naturequilibre.com\/index.php\/irrigation-du-colon\/#breadcrumb"},"inLanguage":"fr-FR","potentialAction":[{"@type":"ReadAction","target":["https:\/\/naturequilibre.com\/index.php\/irrigation-du-colon\/"]}]},{"@type":"ImageObject","inLanguage":"fr-FR","@id":"https:\/\/naturequilibre.com\/index.php\/irrigation-du-colon\/#primaryimage","url":"http:\/\/tqiosxl.cluster023.hosting.ovh.net\/wp-content\/uploads\/2024\/04\/transit1-1024x768.jpeg","contentUrl":"http:\/\/tqiosxl.cluster023.hosting.ovh.net\/wp-content\/uploads\/2024\/04\/transit1-1024x768.jpeg"},{"@type":"BreadcrumbList","@id":"https:\/\/naturequilibre.com\/index.php\/irrigation-du-colon\/#breadcrumb","itemListElement":[{"@type":"ListItem","position":1,"name":"Accueil","item":"https:\/\/naturequilibre.com\/"},{"@type":"ListItem","position":2,"name":"L&rsquo;Irrigation du colon"}]},{"@type":"WebSite","@id":"https:\/\/naturequilibre.com\/#website","url":"https:\/\/naturequilibre.com\/","name":"NATUREQUILIBRE","description":"UNE APPROCHE GLOBALE UN BIEN \u00caTRE DURABLE","publisher":{"@id":"https:\/\/naturequilibre.com\/#organization"},"potentialAction":[{"@type":"SearchAction","target":{"@type":"EntryPoint","urlTemplate":"https:\/\/naturequilibre.com\/?s={search_term_string}"},"query-input":"required name=search_term_string"}],"inLanguage":"fr-FR"},{"@type":"Organization","@id":"https:\/\/naturequilibre.com\/#organization","name":"NATUREQUILIBRE","url":"https:\/\/naturequilibre.com\/","logo":{"@type":"ImageObject","inLanguage":"fr-FR","@id":"https:\/\/naturequilibre.com\/#\/schema\/logo\/image\/","url":"http:\/\/tqiosxl.cluster023.hosting.ovh.net\/wp-content\/uploads\/2024\/04\/cropped-Arbre3.jpg","contentUrl":"http:\/\/tqiosxl.cluster023.hosting.ovh.net\/wp-content\/uploads\/2024\/04\/cropped-Arbre3.jpg","width":512,"height":512,"caption":"NATUREQUILIBRE"},"image":{"@id":"https:\/\/naturequilibre.com\/#\/schema\/logo\/image\/"}}]}},"_links":{"self":[{"href":"https:\/\/naturequilibre.com\/index.php\/wp-json\/wp\/v2\/pages\/58","targetHints":{"allow":["GET"]}}],"collection":[{"href":"https:\/\/naturequilibre.com\/index.php\/wp-json\/wp\/v2\/pages"}],"about":[{"href":"https:\/\/naturequilibre.com\/index.php\/wp-json\/wp\/v2\/types\/page"}],"author":[{"embeddable":true,"href":"https:\/\/naturequilibre.com\/index.php\/wp-json\/wp\/v2\/users\/1"}],"replies":[{"embeddable":true,"href":"https:\/\/naturequilibre.com\/index.php\/wp-json\/wp\/v2\/comments?post=58"}],"version-history":[{"count":9,"href":"https:\/\/naturequilibre.com\/index.php\/wp-json\/wp\/v2\/pages\/58\/revisions"}],"predecessor-version":[{"id":368,"href":"https:\/\/naturequilibre.com\/index.php\/wp-json\/wp\/v2\/pages\/58\/revisions\/368"}],"wp:attachment":[{"href":"https:\/\/naturequilibre.com\/index.php\/wp-json\/wp\/v2\/media?parent=58"}],"curies":[{"name":"wp","href":"https:\/\/api.w.org\/{rel}","templated":true}]}}