{"id":60,"date":"2024-04-11T12:35:16","date_gmt":"2024-04-11T10:35:16","guid":{"rendered":"http:\/\/tqiosxl.cluster023.hosting.ovh.net\/?page_id=60"},"modified":"2024-05-02T17:44:39","modified_gmt":"2024-05-02T15:44:39","slug":"ma-naturopathie","status":"publish","type":"page","link":"https:\/\/naturequilibre.com\/index.php\/ma-naturopathie\/","title":{"rendered":"Ma naturopathie&#8230;"},"content":{"rendered":"\n<div class=\"wp-block-columns alignwide has-border-color has-tertiary-border-color has-background is-layout-flex wp-container-core-columns-is-layout-28f84493 wp-block-columns-is-layout-flex\" style=\"background-color:#f2f6d0\">\n<div class=\"wp-block-column is-layout-flow wp-block-column-is-layout-flow\" style=\"flex-basis:66.66%\">\n<p class=\"has-small-font-size\">La naturopathie repr\u00e9sente pour moi, bien plus qu&rsquo;une simple approche m\u00e9dicale alternative. C&rsquo;est un art de vivre, une philosophie qui place l&rsquo;individu au c\u0153ur de son propre processus de gu\u00e9rison et de bien-\u00eatre.<\/p>\n\n\n\n<p class=\"has-small-font-size\">En tant que nouveau naturopathe, j&rsquo;incarne ces valeurs fondamentales \u00e0 travers mon parcours \u00e9clectique et mes diverses formations qui convergent vers une vision holistique de la sant\u00e9. Mon cheminement professionnel, refl\u00e8te ma conviction profonde en une approche pluridisciplinaire de la sant\u00e9.<\/p>\n\n\n\n<p class=\"has-small-font-size\">Chaque \u00e9tape de mon parcours m&rsquo;a apport\u00e9 des outils et des perspectives uniques, me permettant d&rsquo;aborder la sant\u00e9 sous diff\u00e9rents angles et de comprendre l&rsquo;importance de prendre en compte l&rsquo;ensemble des aspects physiques, \u00e9motionnels et spirituels de chaque individu.<\/p>\n\n\n\n<p class=\"has-small-font-size\">En tant que naturopathe, je mets en avant des valeurs telles que l&rsquo;\u00e9coute active, le respect de l&rsquo;individualit\u00e9 de chaque personne et l&rsquo;encouragement de l&rsquo;autonomie dans la gestion de sa sant\u00e9. Je crois fermement en la capacit\u00e9 de chacun \u00e0 retrouver et \u00e0 maintenir son \u00e9quilibre naturel, en utilisant les ressources que la nature nous offre et en adoptant des modes de vie sains et \u00e9quilibr\u00e9s.<\/p>\n\n\n\n<p class=\"has-small-font-size\">En consultation, mon objectif est d&rsquo;accompagner mes patients sur le chemin de la gu\u00e9rison en identifiant les d\u00e9s\u00e9quilibres sous-jacents, en proposant des solutions naturelles et personnalis\u00e9es, et en les guidant vers des changements durables dans leur mode de vie.<\/p>\n\n\n\n<p class=\"has-small-font-size\">En collaborant activement avec le monde m\u00e9dical conventionnel et allopathique, je privil\u00e9gie les approches compl\u00e9mentaires et non invasives, telles que l&rsquo;alimentation saine, les plantes m\u00e9dicinales, la relaxation, et j&rsquo;int\u00e8gre \u00e9galement des techniques comme l&rsquo;irrigation du colon et l&rsquo;ost\u00e9oth\u00e9rapie lorsque cela s&rsquo;av\u00e8re n\u00e9cessaire.<\/p>\n\n\n\n<p class=\"has-small-font-size\">En tant que praticien, je m&rsquo;engage \u00e0 \u0153uvrer pour le bien-\u00eatre de mes patients, en cultivant la confiance, le respect et la bienveillance, et en les accompagnant sur le chemin vers une sant\u00e9 optimale et un \u00e9panouissement personnel durable.<\/p>\n\n\n\n<p class=\"has-alt-font-family has-medium-large-font-size\">David Nicolas<\/p>\n<\/div>\n\n\n\n<div class=\"wp-block-column is-layout-flow wp-block-column-is-layout-flow\" style=\"flex-basis:33.33%\">\n<figure class=\"wp-block-image size-large is-resized has-custom-border\"><img loading=\"lazy\" decoding=\"async\" width=\"565\" height=\"1024\" src=\"https:\/\/naturequilibre.com\/wp-content\/uploads\/2024\/05\/David_debout-565x1024.jpg\" alt=\"\" class=\"has-border-color has-light-border-color wp-image-327\" style=\"border-width:5px;width:383px;height:auto\" srcset=\"https:\/\/naturequilibre.com\/wp-content\/uploads\/2024\/05\/David_debout-565x1024.jpg 565w, https:\/\/naturequilibre.com\/wp-content\/uploads\/2024\/05\/David_debout-165x300.jpg 165w, https:\/\/naturequilibre.com\/wp-content\/uploads\/2024\/05\/David_debout-768x1393.jpg 768w, https:\/\/naturequilibre.com\/wp-content\/uploads\/2024\/05\/David_debout-847x1536.jpg 847w, https:\/\/naturequilibre.com\/wp-content\/uploads\/2024\/05\/David_debout-1129x2048.jpg 1129w, https:\/\/naturequilibre.com\/wp-content\/uploads\/2024\/05\/David_debout-1170x2122.jpg 1170w, https:\/\/naturequilibre.com\/wp-content\/uploads\/2024\/05\/David_debout-scaled.jpg 1411w\" sizes=\"auto, (max-width: 565px) 100vw, 565px\" \/><\/figure>\n<\/div>\n<\/div>\n","protected":false},"excerpt":{"rendered":"<p>La naturopathie repr\u00e9sente pour moi, bien plus qu&rsquo;une simple approche m\u00e9dicale alternative. C&rsquo;est un art de vivre, une philosophie qui place l&rsquo;individu au c\u0153ur de son propre processus de gu\u00e9rison et de bien-\u00eatre. En tant que nouveau naturopathe, j&rsquo;incarne ces valeurs fondamentales \u00e0 travers mon parcours \u00e9clectique et mes diverses formations qui convergent vers une [&hellip;]<\/p>\n","protected":false},"author":1,"featured_media":0,"parent":0,"menu_order":0,"comment_status":"closed","ping_status":"closed","template":"","meta":{"footnotes":""},"class_list":["post-60","page","type-page","status-publish","hentry"],"yoast_head":"<!-- This site is optimized with the Yoast SEO plugin v22.6 - https:\/\/yoast.com\/wordpress\/plugins\/seo\/ -->\n<title>Ma naturopathie... - NATUREQUILIBRE<\/title>\n<meta name=\"robots\" content=\"index, follow, max-snippet:-1, max-image-preview:large, max-video-preview:-1\" \/>\n<link rel=\"canonical\" href=\"https:\/\/naturequilibre.com\/index.php\/ma-naturopathie\/\" \/>\n<meta property=\"og:locale\" content=\"fr_FR\" \/>\n<meta property=\"og:type\" content=\"article\" \/>\n<meta property=\"og:title\" content=\"Ma naturopathie... - NATUREQUILIBRE\" \/>\n<meta property=\"og:description\" content=\"La naturopathie repr\u00e9sente pour moi, bien plus qu&rsquo;une simple approche m\u00e9dicale alternative. C&rsquo;est un art de vivre, une philosophie qui place l&rsquo;individu au c\u0153ur de son propre processus de gu\u00e9rison et de bien-\u00eatre. En tant que nouveau naturopathe, j&rsquo;incarne ces valeurs fondamentales \u00e0 travers mon parcours \u00e9clectique et mes diverses formations qui convergent vers une [&hellip;]\" \/>\n<meta property=\"og:url\" content=\"https:\/\/naturequilibre.com\/index.php\/ma-naturopathie\/\" \/>\n<meta property=\"og:site_name\" content=\"NATUREQUILIBRE\" \/>\n<meta property=\"article:modified_time\" content=\"2024-05-02T15:44:39+00:00\" \/>\n<meta property=\"og:image\" content=\"https:\/\/naturequilibre.com\/wp-content\/uploads\/2024\/05\/David_debout-565x1024.jpg\" \/>\n<meta name=\"twitter:card\" content=\"summary_large_image\" \/>\n<meta name=\"twitter:label1\" content=\"Dur\u00e9e de lecture estim\u00e9e\" \/>\n\t<meta name=\"twitter:data1\" content=\"2 minutes\" \/>\n<script type=\"application\/ld+json\" class=\"yoast-schema-graph\">{\"@context\":\"https:\/\/schema.org\",\"@graph\":[{\"@type\":\"WebPage\",\"@id\":\"https:\/\/naturequilibre.com\/index.php\/ma-naturopathie\/\",\"url\":\"https:\/\/naturequilibre.com\/index.php\/ma-naturopathie\/\",\"name\":\"Ma naturopathie... - NATUREQUILIBRE\",\"isPartOf\":{\"@id\":\"https:\/\/naturequilibre.com\/#website\"},\"primaryImageOfPage\":{\"@id\":\"https:\/\/naturequilibre.com\/index.php\/ma-naturopathie\/#primaryimage\"},\"image\":{\"@id\":\"https:\/\/naturequilibre.com\/index.php\/ma-naturopathie\/#primaryimage\"},\"thumbnailUrl\":\"https:\/\/naturequilibre.com\/wp-content\/uploads\/2024\/05\/David_debout-565x1024.jpg\",\"datePublished\":\"2024-04-11T10:35:16+00:00\",\"dateModified\":\"2024-05-02T15:44:39+00:00\",\"breadcrumb\":{\"@id\":\"https:\/\/naturequilibre.com\/index.php\/ma-naturopathie\/#breadcrumb\"},\"inLanguage\":\"fr-FR\",\"potentialAction\":[{\"@type\":\"ReadAction\",\"target\":[\"https:\/\/naturequilibre.com\/index.php\/ma-naturopathie\/\"]}]},{\"@type\":\"ImageObject\",\"inLanguage\":\"fr-FR\",\"@id\":\"https:\/\/naturequilibre.com\/index.php\/ma-naturopathie\/#primaryimage\",\"url\":\"https:\/\/naturequilibre.com\/wp-content\/uploads\/2024\/05\/David_debout-scaled.jpg\",\"contentUrl\":\"https:\/\/naturequilibre.com\/wp-content\/uploads\/2024\/05\/David_debout-scaled.jpg\",\"width\":1411,\"height\":2560},{\"@type\":\"BreadcrumbList\",\"@id\":\"https:\/\/naturequilibre.com\/index.php\/ma-naturopathie\/#breadcrumb\",\"itemListElement\":[{\"@type\":\"ListItem\",\"position\":1,\"name\":\"Accueil\",\"item\":\"https:\/\/naturequilibre.com\/\"},{\"@type\":\"ListItem\",\"position\":2,\"name\":\"Ma naturopathie&#8230;\"}]},{\"@type\":\"WebSite\",\"@id\":\"https:\/\/naturequilibre.com\/#website\",\"url\":\"https:\/\/naturequilibre.com\/\",\"name\":\"NATUREQUILIBRE\",\"description\":\"UNE APPROCHE GLOBALE UN BIEN \u00caTRE DURABLE\",\"publisher\":{\"@id\":\"https:\/\/naturequilibre.com\/#organization\"},\"potentialAction\":[{\"@type\":\"SearchAction\",\"target\":{\"@type\":\"EntryPoint\",\"urlTemplate\":\"https:\/\/naturequilibre.com\/?s={search_term_string}\"},\"query-input\":\"required name=search_term_string\"}],\"inLanguage\":\"fr-FR\"},{\"@type\":\"Organization\",\"@id\":\"https:\/\/naturequilibre.com\/#organization\",\"name\":\"NATUREQUILIBRE\",\"url\":\"https:\/\/naturequilibre.com\/\",\"logo\":{\"@type\":\"ImageObject\",\"inLanguage\":\"fr-FR\",\"@id\":\"https:\/\/naturequilibre.com\/#\/schema\/logo\/image\/\",\"url\":\"http:\/\/tqiosxl.cluster023.hosting.ovh.net\/wp-content\/uploads\/2024\/04\/cropped-Arbre3.jpg\",\"contentUrl\":\"http:\/\/tqiosxl.cluster023.hosting.ovh.net\/wp-content\/uploads\/2024\/04\/cropped-Arbre3.jpg\",\"width\":512,\"height\":512,\"caption\":\"NATUREQUILIBRE\"},\"image\":{\"@id\":\"https:\/\/naturequilibre.com\/#\/schema\/logo\/image\/\"}}]}<\/script>\n<!-- \/ Yoast SEO plugin. -->","yoast_head_json":{"title":"Ma naturopathie... - NATUREQUILIBRE","robots":{"index":"index","follow":"follow","max-snippet":"max-snippet:-1","max-image-preview":"max-image-preview:large","max-video-preview":"max-video-preview:-1"},"canonical":"https:\/\/naturequilibre.com\/index.php\/ma-naturopathie\/","og_locale":"fr_FR","og_type":"article","og_title":"Ma naturopathie... - NATUREQUILIBRE","og_description":"La naturopathie repr\u00e9sente pour moi, bien plus qu&rsquo;une simple approche m\u00e9dicale alternative. C&rsquo;est un art de vivre, une philosophie qui place l&rsquo;individu au c\u0153ur de son propre processus de gu\u00e9rison et de bien-\u00eatre. En tant que nouveau naturopathe, j&rsquo;incarne ces valeurs fondamentales \u00e0 travers mon parcours \u00e9clectique et mes diverses formations qui convergent vers une [&hellip;]","og_url":"https:\/\/naturequilibre.com\/index.php\/ma-naturopathie\/","og_site_name":"NATUREQUILIBRE","article_modified_time":"2024-05-02T15:44:39+00:00","og_image":[{"url":"https:\/\/naturequilibre.com\/wp-content\/uploads\/2024\/05\/David_debout-565x1024.jpg"}],"twitter_card":"summary_large_image","twitter_misc":{"Dur\u00e9e de lecture estim\u00e9e":"2 minutes"},"schema":{"@context":"https:\/\/schema.org","@graph":[{"@type":"WebPage","@id":"https:\/\/naturequilibre.com\/index.php\/ma-naturopathie\/","url":"https:\/\/naturequilibre.com\/index.php\/ma-naturopathie\/","name":"Ma naturopathie... - NATUREQUILIBRE","isPartOf":{"@id":"https:\/\/naturequilibre.com\/#website"},"primaryImageOfPage":{"@id":"https:\/\/naturequilibre.com\/index.php\/ma-naturopathie\/#primaryimage"},"image":{"@id":"https:\/\/naturequilibre.com\/index.php\/ma-naturopathie\/#primaryimage"},"thumbnailUrl":"https:\/\/naturequilibre.com\/wp-content\/uploads\/2024\/05\/David_debout-565x1024.jpg","datePublished":"2024-04-11T10:35:16+00:00","dateModified":"2024-05-02T15:44:39+00:00","breadcrumb":{"@id":"https:\/\/naturequilibre.com\/index.php\/ma-naturopathie\/#breadcrumb"},"inLanguage":"fr-FR","potentialAction":[{"@type":"ReadAction","target":["https:\/\/naturequilibre.com\/index.php\/ma-naturopathie\/"]}]},{"@type":"ImageObject","inLanguage":"fr-FR","@id":"https:\/\/naturequilibre.com\/index.php\/ma-naturopathie\/#primaryimage","url":"https:\/\/naturequilibre.com\/wp-content\/uploads\/2024\/05\/David_debout-scaled.jpg","contentUrl":"https:\/\/naturequilibre.com\/wp-content\/uploads\/2024\/05\/David_debout-scaled.jpg","width":1411,"height":2560},{"@type":"BreadcrumbList","@id":"https:\/\/naturequilibre.com\/index.php\/ma-naturopathie\/#breadcrumb","itemListElement":[{"@type":"ListItem","position":1,"name":"Accueil","item":"https:\/\/naturequilibre.com\/"},{"@type":"ListItem","position":2,"name":"Ma naturopathie&#8230;"}]},{"@type":"WebSite","@id":"https:\/\/naturequilibre.com\/#website","url":"https:\/\/naturequilibre.com\/","name":"NATUREQUILIBRE","description":"UNE APPROCHE GLOBALE UN BIEN \u00caTRE DURABLE","publisher":{"@id":"https:\/\/naturequilibre.com\/#organization"},"potentialAction":[{"@type":"SearchAction","target":{"@type":"EntryPoint","urlTemplate":"https:\/\/naturequilibre.com\/?s={search_term_string}"},"query-input":"required name=search_term_string"}],"inLanguage":"fr-FR"},{"@type":"Organization","@id":"https:\/\/naturequilibre.com\/#organization","name":"NATUREQUILIBRE","url":"https:\/\/naturequilibre.com\/","logo":{"@type":"ImageObject","inLanguage":"fr-FR","@id":"https:\/\/naturequilibre.com\/#\/schema\/logo\/image\/","url":"http:\/\/tqiosxl.cluster023.hosting.ovh.net\/wp-content\/uploads\/2024\/04\/cropped-Arbre3.jpg","contentUrl":"http:\/\/tqiosxl.cluster023.hosting.ovh.net\/wp-content\/uploads\/2024\/04\/cropped-Arbre3.jpg","width":512,"height":512,"caption":"NATUREQUILIBRE"},"image":{"@id":"https:\/\/naturequilibre.com\/#\/schema\/logo\/image\/"}}]}},"_links":{"self":[{"href":"https:\/\/naturequilibre.com\/index.php\/wp-json\/wp\/v2\/pages\/60","targetHints":{"allow":["GET"]}}],"collection":[{"href":"https:\/\/naturequilibre.com\/index.php\/wp-json\/wp\/v2\/pages"}],"about":[{"href":"https:\/\/naturequilibre.com\/index.php\/wp-json\/wp\/v2\/types\/page"}],"author":[{"embeddable":true,"href":"https:\/\/naturequilibre.com\/index.php\/wp-json\/wp\/v2\/users\/1"}],"replies":[{"embeddable":true,"href":"https:\/\/naturequilibre.com\/index.php\/wp-json\/wp\/v2\/comments?post=60"}],"version-history":[{"count":5,"href":"https:\/\/naturequilibre.com\/index.php\/wp-json\/wp\/v2\/pages\/60\/revisions"}],"predecessor-version":[{"id":329,"href":"https:\/\/naturequilibre.com\/index.php\/wp-json\/wp\/v2\/pages\/60\/revisions\/329"}],"wp:attachment":[{"href":"https:\/\/naturequilibre.com\/index.php\/wp-json\/wp\/v2\/media?parent=60"}],"curies":[{"name":"wp","href":"https:\/\/api.w.org\/{rel}","templated":true}]}}