{"id":64,"date":"2024-04-11T10:51:05","date_gmt":"2024-04-11T08:51:05","guid":{"rendered":"http:\/\/tqiosxl.cluster023.hosting.ovh.net\/?page_id=64"},"modified":"2024-05-13T11:01:20","modified_gmt":"2024-05-13T09:01:20","slug":"iridologie","status":"publish","type":"page","link":"https:\/\/naturequilibre.com\/index.php\/iridologie\/","title":{"rendered":"L&rsquo;Iridologie"},"content":{"rendered":"\n<div class=\"wp-block-group alignwide has-secondary-background-color has-background is-layout-constrained wp-container-core-group-is-layout-e51076de wp-block-group-is-layout-constrained\" style=\"padding-top:110px;padding-right:1.5rem;padding-bottom:110px;padding-left:1.5rem\">\n<div class=\"wp-block-columns is-layout-flex wp-container-core-columns-is-layout-e05d3243 wp-block-columns-is-layout-flex\" style=\"padding-top:0px;padding-right:0px;padding-bottom:0px;padding-left:0px\">\n<div class=\"wp-block-column is-layout-flow wp-block-column-is-layout-flow\">\n<div class=\"wp-block-group has-background-background-color has-background is-content-justification-left is-layout-constrained wp-container-core-group-is-layout-564469e2 wp-block-group-is-layout-constrained\" style=\"padding-top:12%;padding-right:12%;padding-bottom:12%;padding-left:12%\">\n<p>L&rsquo;iridologie, branche de la naturopathie, se distingue en tant qu&rsquo;art de lecture des iris, ces fen\u00eatres de l&rsquo;\u00e2me.<\/p>\n\n\n\n<p>Il s\u2019agit l\u00e0, d\u2019explorer les m\u00e9canismes profonds de la sant\u00e9 et du bien-\u00eatre, en tenant compte de l&rsquo;interaction entre le corps, l&rsquo;esprit et l&rsquo;environnement.<\/p>\n\n\n\n<p>L&rsquo;iridologie r\u00e9v\u00e8le bien plus que des motifs color\u00e9s dans les yeux. Elle offre une lecture subtile de la trame irienne, refl\u00e9tant non seulement les pr\u00e9dispositions g\u00e9n\u00e9tiques \u00e0 certains troubles pouvant aboutir \u00e0 certaines pathologies, mais aussi les adaptations et les r\u00e9ponses de notre corps face \u00e0 notre histoire personnelle et \u00e0 notre environnement.<\/p>\n<\/div>\n<\/div>\n\n\n\n<div class=\"wp-block-column is-style-no-spacing is-layout-flow wp-block-column-is-layout-flow\">\n<div class=\"wp-block-cover is-vertically-stretched\" style=\"min-height:610px;aspect-ratio:unset;\"><span aria-hidden=\"true\" class=\"wp-block-cover__background has-background-dim-0 has-background-dim\" style=\"background-color:#7a6f6c\"><\/span><img loading=\"lazy\" decoding=\"async\" width=\"300\" height=\"168\" class=\"wp-block-cover__image-background wp-image-103\" alt=\"\" src=\"http:\/\/naturequilibre.com\/wp-content\/uploads\/2024\/04\/Picture6.jpg\" data-object-fit=\"cover\"\/><div class=\"wp-block-cover__inner-container is-layout-flow wp-block-cover-is-layout-flow\">\n<p class=\"has-text-align-center has-large-font-size\"><\/p>\n<\/div><\/div>\n<\/div>\n<\/div>\n\n\n\n<div class=\"wp-block-media-text is-stacked-on-mobile has-light-background-color has-background\" style=\"padding-right:var(--wp--preset--spacing--40);padding-left:var(--wp--preset--spacing--40);grid-template-columns:29% auto\"><figure class=\"wp-block-media-text__media\"><img loading=\"lazy\" decoding=\"async\" width=\"980\" height=\"551\" src=\"http:\/\/tqiosxl.cluster023.hosting.ovh.net\/wp-content\/uploads\/2024\/04\/iridologie4.jpeg\" alt=\"\" class=\"wp-image-111 size-full\" srcset=\"https:\/\/naturequilibre.com\/wp-content\/uploads\/2024\/04\/iridologie4.jpeg 980w, https:\/\/naturequilibre.com\/wp-content\/uploads\/2024\/04\/iridologie4-300x169.jpeg 300w, https:\/\/naturequilibre.com\/wp-content\/uploads\/2024\/04\/iridologie4-768x432.jpeg 768w\" sizes=\"auto, (max-width: 980px) 100vw, 980px\" \/><\/figure><div class=\"wp-block-media-text__content\">\n<p>Par cette d\u00e9marche, nous identifions ensemble les forces sous-jacentes en pr\u00e9sence, ces \u00e9nergies qui fa\u00e7onnent notre \u00eatre. Nous cherchons \u00e0 comprendre les d\u00e9s\u00e9quilibres et \u00e0 r\u00e9tablir l&rsquo;harmonie en mobilisant les ressources naturelles du corps et de l&rsquo;esprit. Ainsi, la lecture irienne devient un guide pr\u00e9cieux dans notre qu\u00eate de sant\u00e9 et de vitalit\u00e9, nous invitant \u00e0 dialoguer avec notre nature profonde pour cultiver un bien-\u00eatre durable et \u00e9panouissant.<\/p>\n<\/div><\/div>\n<\/div>\n\n\n\n<p class=\"has-text-align-center has-dark-color has-secondary-background-color has-text-color has-background has-link-color has-system-font-font-family has-medium-font-size wp-elements-3b4e06171461ed5cfc9ba34549ea431d\"><strong><strong>La s\u00e9ance d&rsquo;iridologie 50\u20ac<\/strong><\/strong><\/p>\n\n\n\n<p><\/p>\n","protected":false},"excerpt":{"rendered":"<p>L&rsquo;iridologie, branche de la naturopathie, se distingue en tant qu&rsquo;art de lecture des iris, ces fen\u00eatres de l&rsquo;\u00e2me. Il s\u2019agit l\u00e0, d\u2019explorer les m\u00e9canismes profonds de la sant\u00e9 et du bien-\u00eatre, en tenant compte de l&rsquo;interaction entre le corps, l&rsquo;esprit et l&rsquo;environnement. L&rsquo;iridologie r\u00e9v\u00e8le bien plus que des motifs color\u00e9s dans les yeux. Elle offre [&hellip;]<\/p>\n","protected":false},"author":1,"featured_media":0,"parent":0,"menu_order":0,"comment_status":"closed","ping_status":"closed","template":"","meta":{"footnotes":""},"class_list":["post-64","page","type-page","status-publish","hentry"],"yoast_head":"<!-- This site is optimized with the Yoast SEO plugin v22.6 - https:\/\/yoast.com\/wordpress\/plugins\/seo\/ -->\n<title>L&#039;Iridologie - NATUREQUILIBRE<\/title>\n<meta name=\"description\" content=\"L&#039;iridologie, branche de la naturopathie, se distingue en tant qu&#039;art de lecture des iris, ces fen\u00eatres de l&#039;\u00e2me.Il s\u2019agit l\u00e0, d\u2019explorer les m\u00e9canismes profonds de la sant\u00e9 et du bien-\u00eatre, en tenant compte de l&#039;interaction entre le corps, l&#039;esprit et l&#039;environnement.\" \/>\n<meta name=\"robots\" content=\"index, follow, max-snippet:-1, max-image-preview:large, max-video-preview:-1\" \/>\n<link rel=\"canonical\" href=\"https:\/\/naturequilibre.com\/index.php\/iridologie\/\" \/>\n<meta property=\"og:locale\" content=\"fr_FR\" \/>\n<meta property=\"og:type\" content=\"article\" \/>\n<meta property=\"og:title\" content=\"L&#039;Iridologie - NATUREQUILIBRE\" \/>\n<meta property=\"og:description\" content=\"L&#039;iridologie, branche de la naturopathie, se distingue en tant qu&#039;art de lecture des iris, ces fen\u00eatres de l&#039;\u00e2me.Il s\u2019agit l\u00e0, d\u2019explorer les m\u00e9canismes profonds de la sant\u00e9 et du bien-\u00eatre, en tenant compte de l&#039;interaction entre le corps, l&#039;esprit et l&#039;environnement.\" \/>\n<meta property=\"og:url\" content=\"https:\/\/naturequilibre.com\/index.php\/iridologie\/\" \/>\n<meta property=\"og:site_name\" content=\"NATUREQUILIBRE\" \/>\n<meta property=\"article:modified_time\" content=\"2024-05-13T09:01:20+00:00\" \/>\n<meta property=\"og:image\" content=\"http:\/\/naturequilibre.com\/wp-content\/uploads\/2024\/04\/Picture6.jpg\" \/>\n<meta name=\"twitter:card\" content=\"summary_large_image\" \/>\n<meta name=\"twitter:label1\" content=\"Dur\u00e9e de lecture estim\u00e9e\" \/>\n\t<meta name=\"twitter:data1\" content=\"2 minutes\" \/>\n<script type=\"application\/ld+json\" class=\"yoast-schema-graph\">{\"@context\":\"https:\/\/schema.org\",\"@graph\":[{\"@type\":\"WebPage\",\"@id\":\"https:\/\/naturequilibre.com\/index.php\/iridologie\/\",\"url\":\"https:\/\/naturequilibre.com\/index.php\/iridologie\/\",\"name\":\"L'Iridologie - NATUREQUILIBRE\",\"isPartOf\":{\"@id\":\"https:\/\/naturequilibre.com\/#website\"},\"primaryImageOfPage\":{\"@id\":\"https:\/\/naturequilibre.com\/index.php\/iridologie\/#primaryimage\"},\"image\":{\"@id\":\"https:\/\/naturequilibre.com\/index.php\/iridologie\/#primaryimage\"},\"thumbnailUrl\":\"http:\/\/naturequilibre.com\/wp-content\/uploads\/2024\/04\/Picture6.jpg\",\"datePublished\":\"2024-04-11T08:51:05+00:00\",\"dateModified\":\"2024-05-13T09:01:20+00:00\",\"description\":\"L'iridologie, branche de la naturopathie, se distingue en tant qu'art de lecture des iris, ces fen\u00eatres de l'\u00e2me.Il s\u2019agit l\u00e0, d\u2019explorer les m\u00e9canismes profonds de la sant\u00e9 et du bien-\u00eatre, en tenant compte de l'interaction entre le corps, l'esprit et l'environnement.\",\"breadcrumb\":{\"@id\":\"https:\/\/naturequilibre.com\/index.php\/iridologie\/#breadcrumb\"},\"inLanguage\":\"fr-FR\",\"potentialAction\":[{\"@type\":\"ReadAction\",\"target\":[\"https:\/\/naturequilibre.com\/index.php\/iridologie\/\"]}]},{\"@type\":\"ImageObject\",\"inLanguage\":\"fr-FR\",\"@id\":\"https:\/\/naturequilibre.com\/index.php\/iridologie\/#primaryimage\",\"url\":\"https:\/\/naturequilibre.com\/wp-content\/uploads\/2024\/04\/Picture6.jpg\",\"contentUrl\":\"https:\/\/naturequilibre.com\/wp-content\/uploads\/2024\/04\/Picture6.jpg\",\"width\":300,\"height\":168},{\"@type\":\"BreadcrumbList\",\"@id\":\"https:\/\/naturequilibre.com\/index.php\/iridologie\/#breadcrumb\",\"itemListElement\":[{\"@type\":\"ListItem\",\"position\":1,\"name\":\"Accueil\",\"item\":\"https:\/\/naturequilibre.com\/\"},{\"@type\":\"ListItem\",\"position\":2,\"name\":\"L&rsquo;Iridologie\"}]},{\"@type\":\"WebSite\",\"@id\":\"https:\/\/naturequilibre.com\/#website\",\"url\":\"https:\/\/naturequilibre.com\/\",\"name\":\"NATUREQUILIBRE\",\"description\":\"UNE APPROCHE GLOBALE UN BIEN \u00caTRE DURABLE\",\"publisher\":{\"@id\":\"https:\/\/naturequilibre.com\/#organization\"},\"potentialAction\":[{\"@type\":\"SearchAction\",\"target\":{\"@type\":\"EntryPoint\",\"urlTemplate\":\"https:\/\/naturequilibre.com\/?s={search_term_string}\"},\"query-input\":\"required name=search_term_string\"}],\"inLanguage\":\"fr-FR\"},{\"@type\":\"Organization\",\"@id\":\"https:\/\/naturequilibre.com\/#organization\",\"name\":\"NATUREQUILIBRE\",\"url\":\"https:\/\/naturequilibre.com\/\",\"logo\":{\"@type\":\"ImageObject\",\"inLanguage\":\"fr-FR\",\"@id\":\"https:\/\/naturequilibre.com\/#\/schema\/logo\/image\/\",\"url\":\"http:\/\/tqiosxl.cluster023.hosting.ovh.net\/wp-content\/uploads\/2024\/04\/cropped-Arbre3.jpg\",\"contentUrl\":\"http:\/\/tqiosxl.cluster023.hosting.ovh.net\/wp-content\/uploads\/2024\/04\/cropped-Arbre3.jpg\",\"width\":512,\"height\":512,\"caption\":\"NATUREQUILIBRE\"},\"image\":{\"@id\":\"https:\/\/naturequilibre.com\/#\/schema\/logo\/image\/\"}}]}<\/script>\n<!-- \/ Yoast SEO plugin. -->","yoast_head_json":{"title":"L'Iridologie - NATUREQUILIBRE","description":"L'iridologie, branche de la naturopathie, se distingue en tant qu'art de lecture des iris, ces fen\u00eatres de l'\u00e2me.Il s\u2019agit l\u00e0, d\u2019explorer les m\u00e9canismes profonds de la sant\u00e9 et du bien-\u00eatre, en tenant compte de l'interaction entre le corps, l'esprit et l'environnement.","robots":{"index":"index","follow":"follow","max-snippet":"max-snippet:-1","max-image-preview":"max-image-preview:large","max-video-preview":"max-video-preview:-1"},"canonical":"https:\/\/naturequilibre.com\/index.php\/iridologie\/","og_locale":"fr_FR","og_type":"article","og_title":"L'Iridologie - NATUREQUILIBRE","og_description":"L'iridologie, branche de la naturopathie, se distingue en tant qu'art de lecture des iris, ces fen\u00eatres de l'\u00e2me.Il s\u2019agit l\u00e0, d\u2019explorer les m\u00e9canismes profonds de la sant\u00e9 et du bien-\u00eatre, en tenant compte de l'interaction entre le corps, l'esprit et l'environnement.","og_url":"https:\/\/naturequilibre.com\/index.php\/iridologie\/","og_site_name":"NATUREQUILIBRE","article_modified_time":"2024-05-13T09:01:20+00:00","og_image":[{"url":"http:\/\/naturequilibre.com\/wp-content\/uploads\/2024\/04\/Picture6.jpg"}],"twitter_card":"summary_large_image","twitter_misc":{"Dur\u00e9e de lecture estim\u00e9e":"2 minutes"},"schema":{"@context":"https:\/\/schema.org","@graph":[{"@type":"WebPage","@id":"https:\/\/naturequilibre.com\/index.php\/iridologie\/","url":"https:\/\/naturequilibre.com\/index.php\/iridologie\/","name":"L'Iridologie - NATUREQUILIBRE","isPartOf":{"@id":"https:\/\/naturequilibre.com\/#website"},"primaryImageOfPage":{"@id":"https:\/\/naturequilibre.com\/index.php\/iridologie\/#primaryimage"},"image":{"@id":"https:\/\/naturequilibre.com\/index.php\/iridologie\/#primaryimage"},"thumbnailUrl":"http:\/\/naturequilibre.com\/wp-content\/uploads\/2024\/04\/Picture6.jpg","datePublished":"2024-04-11T08:51:05+00:00","dateModified":"2024-05-13T09:01:20+00:00","description":"L'iridologie, branche de la naturopathie, se distingue en tant qu'art de lecture des iris, ces fen\u00eatres de l'\u00e2me.Il s\u2019agit l\u00e0, d\u2019explorer les m\u00e9canismes profonds de la sant\u00e9 et du bien-\u00eatre, en tenant compte de l'interaction entre le corps, l'esprit et l'environnement.","breadcrumb":{"@id":"https:\/\/naturequilibre.com\/index.php\/iridologie\/#breadcrumb"},"inLanguage":"fr-FR","potentialAction":[{"@type":"ReadAction","target":["https:\/\/naturequilibre.com\/index.php\/iridologie\/"]}]},{"@type":"ImageObject","inLanguage":"fr-FR","@id":"https:\/\/naturequilibre.com\/index.php\/iridologie\/#primaryimage","url":"https:\/\/naturequilibre.com\/wp-content\/uploads\/2024\/04\/Picture6.jpg","contentUrl":"https:\/\/naturequilibre.com\/wp-content\/uploads\/2024\/04\/Picture6.jpg","width":300,"height":168},{"@type":"BreadcrumbList","@id":"https:\/\/naturequilibre.com\/index.php\/iridologie\/#breadcrumb","itemListElement":[{"@type":"ListItem","position":1,"name":"Accueil","item":"https:\/\/naturequilibre.com\/"},{"@type":"ListItem","position":2,"name":"L&rsquo;Iridologie"}]},{"@type":"WebSite","@id":"https:\/\/naturequilibre.com\/#website","url":"https:\/\/naturequilibre.com\/","name":"NATUREQUILIBRE","description":"UNE APPROCHE GLOBALE UN BIEN \u00caTRE DURABLE","publisher":{"@id":"https:\/\/naturequilibre.com\/#organization"},"potentialAction":[{"@type":"SearchAction","target":{"@type":"EntryPoint","urlTemplate":"https:\/\/naturequilibre.com\/?s={search_term_string}"},"query-input":"required name=search_term_string"}],"inLanguage":"fr-FR"},{"@type":"Organization","@id":"https:\/\/naturequilibre.com\/#organization","name":"NATUREQUILIBRE","url":"https:\/\/naturequilibre.com\/","logo":{"@type":"ImageObject","inLanguage":"fr-FR","@id":"https:\/\/naturequilibre.com\/#\/schema\/logo\/image\/","url":"http:\/\/tqiosxl.cluster023.hosting.ovh.net\/wp-content\/uploads\/2024\/04\/cropped-Arbre3.jpg","contentUrl":"http:\/\/tqiosxl.cluster023.hosting.ovh.net\/wp-content\/uploads\/2024\/04\/cropped-Arbre3.jpg","width":512,"height":512,"caption":"NATUREQUILIBRE"},"image":{"@id":"https:\/\/naturequilibre.com\/#\/schema\/logo\/image\/"}}]}},"_links":{"self":[{"href":"https:\/\/naturequilibre.com\/index.php\/wp-json\/wp\/v2\/pages\/64","targetHints":{"allow":["GET"]}}],"collection":[{"href":"https:\/\/naturequilibre.com\/index.php\/wp-json\/wp\/v2\/pages"}],"about":[{"href":"https:\/\/naturequilibre.com\/index.php\/wp-json\/wp\/v2\/types\/page"}],"author":[{"embeddable":true,"href":"https:\/\/naturequilibre.com\/index.php\/wp-json\/wp\/v2\/users\/1"}],"replies":[{"embeddable":true,"href":"https:\/\/naturequilibre.com\/index.php\/wp-json\/wp\/v2\/comments?post=64"}],"version-history":[{"count":11,"href":"https:\/\/naturequilibre.com\/index.php\/wp-json\/wp\/v2\/pages\/64\/revisions"}],"predecessor-version":[{"id":360,"href":"https:\/\/naturequilibre.com\/index.php\/wp-json\/wp\/v2\/pages\/64\/revisions\/360"}],"wp:attachment":[{"href":"https:\/\/naturequilibre.com\/index.php\/wp-json\/wp\/v2\/media?parent=64"}],"curies":[{"name":"wp","href":"https:\/\/api.w.org\/{rel}","templated":true}]}}